{"id":16294,"date":"2017-03-24T11:03:25","date_gmt":"2017-03-24T11:03:25","guid":{"rendered":"http:\/\/127.0.0.1\/wordpress\/?page_id=16294"},"modified":"2018-07-19T10:04:16","modified_gmt":"2018-07-19T10:04:16","slug":"recursos","status":"publish","type":"page","link":"https:\/\/www.alticelabs.com\/site\/ultratv\/recursos\/","title":{"rendered":"Recursos"},"content":{"rendered":"<p>[vc_row css_animation=&#8221;&#8221; row_type=&#8221;row&#8221; use_row_as_full_screen_section=&#8221;no&#8221; type=&#8221;grid&#8221; angled_section=&#8221;no&#8221; text_align=&#8221;left&#8221; background_image_as_pattern=&#8221;without_pattern&#8221; background_color=&#8221;#ffffff&#8221; padding_top=&#8221;73&#8243; padding_bottom=&#8221;0&#8243;][vc_column][vc_column_text]<\/p>\n<h2 style=\"text-align: center\">Recursos<\/h2>\n<p>[\/vc_column_text][vc_separator type=&#8221;small&#8221; position=&#8221;center&#8221; up=&#8221;20&#8243; down=&#8221;15&#8243;][vc_column_text]<\/p>\n<h5 style=\"text-align: center\"><span style=\"color: #006584\">CONTE\u00daDOS MULTIM\u00c9DIA<\/span><\/h5>\n<p>[\/vc_column_text][\/vc_column][\/vc_row][vc_row css_animation=&#8221;&#8221; row_type=&#8221;row&#8221; use_row_as_full_screen_section=&#8221;no&#8221; type=&#8221;grid&#8221; angled_section=&#8221;no&#8221; text_align=&#8221;left&#8221; background_image_as_pattern=&#8221;without_pattern&#8221; background_color=&#8221;#ffffff&#8221; padding_top=&#8221;0&#8243; padding_bottom=&#8221;30&#8243;][vc_column width=&#8221;1\/4&#8243;][\/vc_column][vc_column width=&#8221;1\/2&#8243;][\/vc_column][vc_column width=&#8221;1\/4&#8243;][\/vc_column][\/vc_row][vc_row row_type=&#8221;expandable&#8221; text_align=&#8221;left&#8221; background_color=&#8221;#ffffff&#8221; more_button_label=&#8221;Flyer informativo&#8221; less_button_label=&#8221;Flyer informativo&#8221; button_position=&#8221;center&#8221; expandable_content_top_padding=&#8221;30&#8243;][vc_column][vc_single_image image=&#8221;17170&#8243; img_size=&#8221;medium&#8221; alignment=&#8221;center&#8221; onclick=&#8221;custom_link&#8221; img_link_target=&#8221;_blank&#8221; qode_css_animation=&#8221;&#8221; link=&#8221;https:\/\/www.alticelabs.com\/site\/ultratv\/wp-content\/uploads\/sites\/11\/2018\/07\/Flyer_UltraTV.pdf&#8221;][vc_row_inner row_type=&#8221;row&#8221; type=&#8221;grid&#8221; text_align=&#8221;left&#8221; background_color=&#8221;#ffffff&#8221; css_animation=&#8221;&#8221;][vc_column_inner width=&#8221;1\/4&#8243;][\/vc_column_inner][vc_column_inner width=&#8221;1\/2&#8243;][vc_separator type=&#8221;transparent&#8221; up=&#8221;20&#8243; down=&#8221;20&#8243;][\/vc_column_inner][vc_column_inner width=&#8221;1\/4&#8243;][\/vc_column_inner][\/vc_row_inner][\/vc_column][\/vc_row][vc_row row_type=&#8221;expandable&#8221; text_align=&#8221;left&#8221; background_color=&#8221;#ffffff&#8221; more_button_label=&#8221;Arquitetura do sistema&#8221; less_button_label=&#8221;Arquitetura do sistema&#8221; button_position=&#8221;center&#8221; expandable_content_top_padding=&#8221;30&#8243;][vc_column][vc_single_image image=&#8221;17155&#8243; img_size=&#8221;large&#8221; alignment=&#8221;center&#8221; qode_css_animation=&#8221;&#8221;][vc_row_inner row_type=&#8221;row&#8221; type=&#8221;grid&#8221; text_align=&#8221;left&#8221; css_animation=&#8221;&#8221;][vc_column_inner width=&#8221;1\/4&#8243;][\/vc_column_inner][vc_column_inner width=&#8221;1\/2&#8243;][vc_separator type=&#8221;transparent&#8221; up=&#8221;20&#8243; down=&#8221;20&#8243;][vc_column_text]<strong>Estrutura da User Interface (UI) Ultra TV \u2013\u00a0<\/strong>integra\u00e7\u00e3o de conte\u00fados televisivos do operador (MEO) com fontes Over-the-top (OTT) tais como YouTube, Facebook e Netflix[\/vc_column_text][vc_separator type=&#8221;transparent&#8221; up=&#8221;50&#8243; down=&#8221;50&#8243;][vc_single_image image=&#8221;17156&#8243; img_size=&#8221;large&#8221; alignment=&#8221;center&#8221; qode_css_animation=&#8221;&#8221;][vc_separator type=&#8221;transparent&#8221; up=&#8221;20&#8243; down=&#8221;20&#8243;][vc_column_text]<strong>Modelo de distribui\u00e7\u00e3o adaptativa \u2013\u00a0<\/strong>transmiss\u00e3o de conte\u00fado de elevada qualidade da forma mais agn\u00f3stica poss\u00edvel \u00e0s redes\u00a0do contexto de utiliza\u00e7\u00e3o (e.g.: casa, rua, comboio)[\/vc_column_text][vc_separator type=&#8221;transparent&#8221; up=&#8221;50&#8243; down=&#8221;50&#8243;][vc_single_image image=&#8221;17157&#8243; img_size=&#8221;large&#8221; alignment=&#8221;center&#8221; qode_css_animation=&#8221;&#8221;][vc_separator type=&#8221;transparent&#8221; up=&#8221;20&#8243; down=&#8221;20&#8243;][vc_column_text]<strong>A arquitetura do sistema \u2013\u00a0\u00a0<\/strong>UI, CMS, metadados, interliga\u00e7\u00e3o com terceiros, streaming de v\u00eddeo, DRM, CDN, OSS, BSS. Desenvolvimento numa perspetiva RESTful, recorrendo a tecnologia Web API em C#. Interliga\u00e7\u00f5es com terceiros com recurso ao protocolo OAuth 2.0. Recurso \u00e0 framework de JavaScript\u00a0<a href=\"https:\/\/www.craftwork.dk\/products\/luna\/index.html\" target=\"_blank\" rel=\"noopener\">Luna da Craftwork<\/a>\u00a0(alia Node.js com elementos gr\u00e1ficos otimizados para TV)<\/p>\n<p>&nbsp;<\/p>\n<p>&nbsp;<\/p>\n<p>[\/vc_column_text][\/vc_column_inner][vc_column_inner width=&#8221;1\/4&#8243;][\/vc_column_inner][\/vc_row_inner][\/vc_column][\/vc_row][vc_row row_type=&#8221;expandable&#8221; text_align=&#8221;left&#8221; background_color=&#8221;#ffffff&#8221; more_button_label=&#8221;Interfaces de utilizador (UI)&#8221; less_button_label=&#8221;Interfaces de utilizador (UI)&#8221; button_position=&#8221;center&#8221; expandable_content_top_padding=&#8221;50&#8243;][vc_column][vc_row_inner row_type=&#8221;row&#8221; type=&#8221;grid&#8221; text_align=&#8221;left&#8221; background_color=&#8221;#ffffff&#8221; css_animation=&#8221;&#8221;][vc_column_inner width=&#8221;1\/4&#8243;][vc_separator type=&#8221;transparent&#8221; up=&#8221;93&#8243; down=&#8221;0&#8243;][\/vc_column_inner][vc_column_inner width=&#8221;1\/2&#8243;][vc_separator type=&#8221;transparent&#8221; up=&#8221;1&#8243; down=&#8221;0&#8243;][vc_single_image image=&#8221;17189&#8243; img_size=&#8221;large&#8221; alignment=&#8221;center&#8221; qode_css_animation=&#8221;&#8221;][vc_separator type=&#8221;transparent&#8221; up=&#8221;93&#8243; down=&#8221;0&#8243;][\/vc_column_inner][vc_column_inner width=&#8221;1\/4&#8243;][\/vc_column_inner][\/vc_row_inner][vc_row_inner row_type=&#8221;row&#8221; type=&#8221;grid&#8221; text_align=&#8221;left&#8221; background_color=&#8221;#ffffff&#8221; css_animation=&#8221;&#8221;][vc_column_inner width=&#8221;1\/2&#8243;][vc_single_image image=&#8221;17190&#8243; img_size=&#8221;large&#8221; alignment=&#8221;right&#8221; qode_css_animation=&#8221;&#8221;][vc_separator type=&#8221;transparent&#8221; up=&#8221;93&#8243; down=&#8221;0&#8243;][vc_single_image image=&#8221;17192&#8243; img_size=&#8221;large&#8221; alignment=&#8221;right&#8221; qode_css_animation=&#8221;&#8221;][vc_separator type=&#8221;transparent&#8221; up=&#8221;93&#8243; down=&#8221;0&#8243;][vc_single_image image=&#8221;17194&#8243; img_size=&#8221;large&#8221; alignment=&#8221;right&#8221; qode_css_animation=&#8221;&#8221;][vc_separator type=&#8221;transparent&#8221; up=&#8221;93&#8243; down=&#8221;0&#8243;][vc_single_image image=&#8221;17196&#8243; img_size=&#8221;large&#8221; alignment=&#8221;right&#8221; qode_css_animation=&#8221;&#8221;][vc_separator type=&#8221;transparent&#8221; up=&#8221;93&#8243; down=&#8221;0&#8243;][vc_single_image image=&#8221;17198&#8243; img_size=&#8221;large&#8221; alignment=&#8221;right&#8221; qode_css_animation=&#8221;&#8221;][vc_separator type=&#8221;transparent&#8221; up=&#8221;93&#8243; down=&#8221;0&#8243;][vc_single_image image=&#8221;17200&#8243; img_size=&#8221;large&#8221; alignment=&#8221;right&#8221; qode_css_animation=&#8221;&#8221;][vc_separator type=&#8221;transparent&#8221; up=&#8221;93&#8243; down=&#8221;0&#8243;][vc_single_image image=&#8221;17202&#8243; img_size=&#8221;large&#8221; alignment=&#8221;right&#8221; qode_css_animation=&#8221;&#8221;][vc_separator type=&#8221;transparent&#8221; up=&#8221;93&#8243; down=&#8221;0&#8243;][vc_single_image image=&#8221;17204&#8243; img_size=&#8221;large&#8221; alignment=&#8221;right&#8221; qode_css_animation=&#8221;&#8221;][vc_separator type=&#8221;transparent&#8221; up=&#8221;93&#8243; down=&#8221;0&#8243;][\/vc_column_inner][vc_column_inner width=&#8221;1\/2&#8243;][vc_single_image image=&#8221;17191&#8243; img_size=&#8221;large&#8221; alignment=&#8221;right&#8221; qode_css_animation=&#8221;&#8221;][vc_separator type=&#8221;transparent&#8221; up=&#8221;93&#8243; down=&#8221;0&#8243;][vc_single_image image=&#8221;17193&#8243; img_size=&#8221;large&#8221; alignment=&#8221;right&#8221; qode_css_animation=&#8221;&#8221;][vc_separator type=&#8221;transparent&#8221; up=&#8221;93&#8243; down=&#8221;0&#8243;][vc_single_image image=&#8221;17195&#8243; img_size=&#8221;large&#8221; alignment=&#8221;right&#8221; qode_css_animation=&#8221;&#8221;][vc_separator type=&#8221;transparent&#8221; up=&#8221;93&#8243; down=&#8221;0&#8243;][vc_single_image image=&#8221;17197&#8243; img_size=&#8221;large&#8221; alignment=&#8221;right&#8221; qode_css_animation=&#8221;&#8221;][vc_separator type=&#8221;transparent&#8221; up=&#8221;93&#8243; down=&#8221;0&#8243;][vc_single_image image=&#8221;17199&#8243; img_size=&#8221;large&#8221; alignment=&#8221;right&#8221; qode_css_animation=&#8221;&#8221;][vc_separator type=&#8221;transparent&#8221; up=&#8221;93&#8243; down=&#8221;0&#8243;][vc_single_image image=&#8221;17201&#8243; img_size=&#8221;large&#8221; alignment=&#8221;right&#8221; qode_css_animation=&#8221;&#8221;][vc_separator type=&#8221;transparent&#8221; up=&#8221;93&#8243; down=&#8221;0&#8243;][vc_single_image image=&#8221;17203&#8243; img_size=&#8221;large&#8221; alignment=&#8221;right&#8221; qode_css_animation=&#8221;&#8221;][vc_separator type=&#8221;transparent&#8221; up=&#8221;93&#8243; down=&#8221;0&#8243;][vc_single_image image=&#8221;17205&#8243; img_size=&#8221;large&#8221; alignment=&#8221;right&#8221; qode_css_animation=&#8221;&#8221;][vc_separator type=&#8221;transparent&#8221; up=&#8221;93&#8243; down=&#8221;0&#8243;][\/vc_column_inner][\/vc_row_inner][\/vc_column][\/vc_row][vc_row css_animation=&#8221;&#8221; row_type=&#8221;row&#8221; use_row_as_full_screen_section=&#8221;no&#8221; type=&#8221;full_width&#8221; angled_section=&#8221;no&#8221; text_align=&#8221;left&#8221; background_image_as_pattern=&#8221;without_pattern&#8221;][vc_column][vc_video link=&#8221;https:\/\/www.youtube.com\/watch?v=ovU-2nI_Z74&amp;feature=youtu.be&#8221; align=&#8221;center&#8221;][\/vc_column][\/vc_row][vc_row css_animation=&#8221;&#8221; row_type=&#8221;row&#8221; use_row_as_full_screen_section=&#8221;no&#8221; type=&#8221;grid&#8221; angled_section=&#8221;no&#8221; text_align=&#8221;left&#8221; background_image_as_pattern=&#8221;without_pattern&#8221; background_color=&#8221;#ffffff&#8221; padding_top=&#8221;73&#8243; padding_bottom=&#8221;95&#8243;][vc_column][vc_column_text]<\/p>\n<h5><span style=\"color: #006584\"><strong>Projetos relacionados dos parceiros<\/strong><\/span><\/h5>\n<p>&nbsp;<\/p>\n<p><a href=\"http:\/\/socialitv.web.ua.pt\/index.php\/projects\/sponsored-projects\/ineighbourtv\/\">iNeighbour TV<\/a><\/p>\n<p>&nbsp;<\/p>\n<p><a href=\"http:\/\/socialitv.web.ua.pt\/index.php\/projects\/sponsored-projects\/tv-discovery-enjoy\/\">TDE (<em>TV Discovery and Enjoy<\/em>)<\/a><\/p>\n<p>&nbsp;<\/p>\n<p><a href=\"http:\/\/socialitv.web.ua.pt\/index.php\/projects\/sponsored-projects\/flexible-tv-viewing\/\">Flexible TV Viewing (Guider)<\/a><\/p>\n<p>&nbsp;<\/p>\n<p><a href=\"http:\/\/socialitv.web.ua.pt\/index.php\/projects\/sponsored-projects\/2nd-vision\/\">2nd Vision<\/a><\/p>\n<p>&nbsp;<\/p>\n<p><a href=\"http:\/\/socialitv.web.ua.pt\/index.php\/projects\/sponsored-projects\/crossed-tv-games\/\">Crossed TV Games<\/a><\/p>\n<p>&nbsp;<\/p>\n<p>&nbsp;<\/p>\n<p>&nbsp;<\/p>\n<h5><span style=\"color: #006584\"><strong>Outros projetos relacionados<\/strong><\/span><\/h5>\n<p>&nbsp;<\/p>\n<p>&nbsp;<\/p>\n<p><a href=\"http:\/\/www.immersiatv.eu\">IMMERSIATV<\/a><\/p>\n<p>&nbsp;<\/p>\n<p><a href=\"http:\/\/cognitus-h2020.eu\">COGNITUS<\/a><\/p>\n<p>&nbsp;<\/p>\n<p>&nbsp;<\/p>\n<p>&nbsp;<\/p>\n<p>&nbsp;<\/p>\n<h5><span style=\"color: #006584\"><strong>Refer\u00eancias<\/strong><\/span><\/h5>\n<p>&nbsp;<\/p>\n<p>Abreu, J., Almeida, P., Teles, B., and Reis, M. 2013. Viewer behaviors and practices in the (new) television environment. In Proceedings of the 11th european conference on Interactive TV and video (EuroITV &#8217;13). ACM, New York, NY, USA, 5-12. <a href=\"http:\/\/dx.doi.org\/10.1145\/2465958.2465970\">http:\/\/dx.doi.org\/10.1145\/2465958.2465970<\/a><\/p>\n<p>&nbsp;<\/p>\n<p>Abreu, J., Becker, V., Nogueira, J., Cardoso, B. (2015). Time-shift services: a taxonomy and techno-business impacts of Catch-up TV. In Book of Industry Papers, Poster papers and Abstracts of the Centeris 2015 \u2013 International Conference on Enterprise Information Systems, SCIKA, ISBN: 9789899743366<\/p>\n<p>&nbsp;<\/p>\n<p>Marianna Obrist, Pablo Cesar, David Geerts, Tom Bartindale, And Elizabeth F. Churchill. 2015. Online Video And Interactive Tv Experiences. Interactions 22, 5 (August 2015), 32-37. <a href=\"http:\/\/Dx.Doi.Org\/10.1145\/2799629\">http:\/\/Dx.Doi.Org\/10.1145\/2799629<\/a><\/p>\n<p>&nbsp;<\/p>\n<p>Linx-IE Market Research Corporation (2015). The Digital Consumer: Global Views on the Pay TV Experience, Cable Analytics and Cable Wi-Fi, Retrieved from <a href=\"http:\/\/www.amdocs.com\/Solutions\/cable-satellite\/Documents\/Amdocs-IEMR-Consumer-Pay-TV-Survey-2015-Highlights.pdf\">http:\/\/www.amdocs.com\/Solutions\/cable-satellite\/Documents\/Amdocs-IEMR-Consumer-Pay-TV-Survey-2015-Highlights.pdf<\/a><\/p>\n<p>&nbsp;<\/p>\n<p>Abreu, J.; Almeida, P.; Teles, B. (2014). Tv Discovery &amp; Enjoy: A New Approach To Help Users Finding The Right Tv Program To Watch. In Proceedings Of The Acm International Conference On Interactive Experience Of Television And Online Video (Tvx2014). New York, NY<\/p>\n<p>&nbsp;<\/p>\n<p>&nbsp;<\/p>\n<p>[\/vc_column_text][\/vc_column][\/vc_row]<\/p>\n","protected":false},"excerpt":{"rendered":"<p>[vc_row css_animation=&#8221;&#8221; row_type=&#8221;row&#8221; use_row_as_full_screen_section=&#8221;no&#8221; type=&#8221;grid&#8221; angled_section=&#8221;no&#8221; text_align=&#8221;left&#8221; background_image_as_pattern=&#8221;without_pattern&#8221; background_color=&#8221;#ffffff&#8221; padding_top=&#8221;73&#8243; padding_bottom=&#8221;0&#8243;][vc_column][vc_column_text] Recursos [\/vc_column_text][vc_separator type=&#8221;small&#8221; position=&#8221;center&#8221; up=&#8221;20&#8243; down=&#8221;15&#8243;][vc_column_text] CONTE\u00daDOS MULTIM\u00c9DIA [\/vc_column_text][\/vc_column][\/vc_row][vc_row css_animation=&#8221;&#8221; row_type=&#8221;row&#8221; use_row_as_full_screen_section=&#8221;no&#8221; type=&#8221;grid&#8221; angled_section=&#8221;no&#8221; text_align=&#8221;left&#8221; background_image_as_pattern=&#8221;without_pattern&#8221; background_color=&#8221;#ffffff&#8221; padding_top=&#8221;0&#8243; padding_bottom=&#8221;30&#8243;][vc_column width=&#8221;1\/4&#8243;][\/vc_column][vc_column width=&#8221;1\/2&#8243;][\/vc_column][vc_column width=&#8221;1\/4&#8243;][\/vc_column][\/vc_row][vc_row row_type=&#8221;expandable&#8221; text_align=&#8221;left&#8221; background_color=&#8221;#ffffff&#8221; more_button_label=&#8221;Flyer informativo&#8221; less_button_label=&#8221;Flyer informativo&#8221; button_position=&#8221;center&#8221; expandable_content_top_padding=&#8221;30&#8243;][vc_column][vc_single_image image=&#8221;17170&#8243; img_size=&#8221;medium&#8221; alignment=&#8221;center&#8221;&#8230;<\/p>\n","protected":false},"author":74,"featured_media":0,"parent":0,"menu_order":0,"comment_status":"closed","ping_status":"closed","template":"full_width.php","meta":[],"_links":{"self":[{"href":"https:\/\/www.alticelabs.com\/site\/ultratv\/wp-json\/wp\/v2\/pages\/16294"}],"collection":[{"href":"https:\/\/www.alticelabs.com\/site\/ultratv\/wp-json\/wp\/v2\/pages"}],"about":[{"href":"https:\/\/www.alticelabs.com\/site\/ultratv\/wp-json\/wp\/v2\/types\/page"}],"author":[{"embeddable":true,"href":"https:\/\/www.alticelabs.com\/site\/ultratv\/wp-json\/wp\/v2\/users\/74"}],"replies":[{"embeddable":true,"href":"https:\/\/www.alticelabs.com\/site\/ultratv\/wp-json\/wp\/v2\/comments?post=16294"}],"version-history":[{"count":86,"href":"https:\/\/www.alticelabs.com\/site\/ultratv\/wp-json\/wp\/v2\/pages\/16294\/revisions"}],"predecessor-version":[{"id":17279,"href":"https:\/\/www.alticelabs.com\/site\/ultratv\/wp-json\/wp\/v2\/pages\/16294\/revisions\/17279"}],"wp:attachment":[{"href":"https:\/\/www.alticelabs.com\/site\/ultratv\/wp-json\/wp\/v2\/media?parent=16294"}],"curies":[{"name":"wp","href":"https:\/\/api.w.org\/{rel}","templated":true}]}}