{"id":16284,"date":"2017-03-24T10:42:54","date_gmt":"2017-03-24T10:42:54","guid":{"rendered":"http:\/\/127.0.0.1\/wordpress\/?page_id=16284"},"modified":"2019-09-16T10:18:17","modified_gmt":"2019-09-16T10:18:17","slug":"disseminacao","status":"publish","type":"page","link":"https:\/\/www.alticelabs.com\/site\/ultratv\/disseminacao\/","title":{"rendered":"Dissemina\u00e7\u00e3o"},"content":{"rendered":"<p>[vc_row css_animation=&#8221;&#8221; row_type=&#8221;row&#8221; use_row_as_full_screen_section=&#8221;no&#8221; type=&#8221;grid&#8221; angled_section=&#8221;no&#8221; text_align=&#8221;left&#8221; background_image_as_pattern=&#8221;without_pattern&#8221; background_color=&#8221;#ffffff&#8221; padding_top=&#8221;73&#8243; padding_bottom=&#8221;95&#8243;][vc_column][vc_column_text]<\/p>\n<h2 style=\"text-align: center\">Dissemina\u00e7\u00e3o<\/h2>\n<p>[\/vc_column_text][vc_separator type=&#8221;small&#8221; position=&#8221;center&#8221; up=&#8221;17&#8243; down=&#8221;65&#8243;][vc_column_text]<\/p>\n<table style=\"height: 235px\" width=\"1172\">\n<tbody>\n<tr>\n<td width=\"212\"><a href=\"https:\/\/goo.gl\/wGLSmo\" target=\"_blank\" rel=\"noopener noreferrer\"><img loading=\"lazy\" class=\"alignnone wp-image-17167 size-large\" src=\"https:\/\/www.alticelabs.com\/site\/ultratv\/wp-content\/uploads\/sites\/11\/2018\/07\/TV_video-20-1024x642.png\" alt=\"\" width=\"1024\" height=\"642\" srcset=\"https:\/\/www.alticelabs.com\/site\/ultratv\/wp-content\/uploads\/sites\/11\/2018\/07\/TV_video-20-1024x642.png 1024w, https:\/\/www.alticelabs.com\/site\/ultratv\/wp-content\/uploads\/sites\/11\/2018\/07\/TV_video-20-300x188.png 300w, https:\/\/www.alticelabs.com\/site\/ultratv\/wp-content\/uploads\/sites\/11\/2018\/07\/TV_video-20-768x482.png 768w, https:\/\/www.alticelabs.com\/site\/ultratv\/wp-content\/uploads\/sites\/11\/2018\/07\/TV_video-20-700x439.png 700w, https:\/\/www.alticelabs.com\/site\/ultratv\/wp-content\/uploads\/sites\/11\/2018\/07\/TV_video-20.png 1271w\" sizes=\"(max-width: 1024px) 100vw, 1024px\" \/><\/a><\/td>\n<td style=\"text-align: center\" width=\"212\"><a href=\"https:\/\/www.alticelabs.com\/site\/ultratv\/wp-content\/uploads\/sites\/11\/2018\/07\/Flyer_UltraTV.pdf\" target=\"_blank\" rel=\"noopener noreferrer\"><img loading=\"lazy\" class=\"alignnone size-medium wp-image-17170\" src=\"https:\/\/www.alticelabs.com\/site\/ultratv\/wp-content\/uploads\/sites\/11\/2018\/07\/flyer-300x271.jpg\" alt=\"\" width=\"300\" height=\"271\" srcset=\"https:\/\/www.alticelabs.com\/site\/ultratv\/wp-content\/uploads\/sites\/11\/2018\/07\/flyer-300x271.jpg 300w, https:\/\/www.alticelabs.com\/site\/ultratv\/wp-content\/uploads\/sites\/11\/2018\/07\/flyer-768x694.jpg 768w, https:\/\/www.alticelabs.com\/site\/ultratv\/wp-content\/uploads\/sites\/11\/2018\/07\/flyer-1024x925.jpg 1024w, https:\/\/www.alticelabs.com\/site\/ultratv\/wp-content\/uploads\/sites\/11\/2018\/07\/flyer-700x633.jpg 700w\" sizes=\"(max-width: 300px) 100vw, 300px\" \/><\/a><\/td>\n<\/tr>\n<tr>\n<td width=\"212\">\n<p style=\"text-align: center\"><a href=\"https:\/\/goo.gl\/wGLSmo\" target=\"_blank\" rel=\"noopener noreferrer\">Video promocional<\/a><\/p>\n<\/td>\n<td style=\"text-align: center\" width=\"212\"><a href=\"https:\/\/www.alticelabs.com\/site\/ultratv\/wp-content\/uploads\/sites\/11\/2018\/07\/Flyer_UltraTV.pdf\">Flyer informativo\u00a0<\/a><\/td>\n<\/tr>\n<\/tbody>\n<\/table>\n<p>&nbsp;<\/p>\n<h5><span style=\"color: #006584\"><strong>Eventos<\/strong><\/span><\/h5>\n<p>&nbsp;<\/p>\n<p><span style=\"color: #006584\"><strong>Participa\u00e7\u00e3o em Feiras e Exposi\u00e7\u00f5es<\/strong><\/span><\/p>\n<p>&nbsp;<\/p>\n<p>Techdays Aveiro 2016, 15-17 setembro 2016. Parque de Feiras e Exposi\u00e7\u00f5es de Aveiro, Aveiro, Portugal<\/p>\n<p>Demo, 1 a 12 de maio de 2017, Institute of Design, Chicago, USA<\/p>\n<p>Demo para o Diretor do Grupo de Investiga\u00e7\u00e3o em Responsive Environments do MIT Media Lab, Joseph A. Paradiso, 3 a 5 de maio de 2017, Aveiro, Portugal;<\/p>\n<p>Demo para o Diretor do LAVID, Laborat\u00f3rio de Aplica\u00e7\u00f5es de V\u00eddeo Digital, Guido Lemos, 7 de junho de 2017, Aveiro, Portugal<\/p>\n<p>Demo para o Diretor do departamento de <em>Human-computer Interaction <\/em>da Universidade Estadual de Nova York, em Oswego, Damian Schofield, 21 de junho de 2017, Aveiro, Portugal<\/p>\n<p>Demo no Techdays Aveiro 2017, 12-13 outubro 2017. Parque de Feiras e Exposi\u00e7\u00f5es de Aveiro, Aveiro, Portugal<\/p>\n<p>Demo no XIII Congresso da Associa\u00e7\u00e3o Portuguesa de Imprensa, 2 a 4 de novembro de 2017, Aveiro, Portugal<\/p>\n<p>Demo na Web Summit 2017, 7 a 10 de novembro de 2017, MEO Arena, Lisboa, Portugal<\/p>\n<p>Demo no Internet Day, 17 de maio de 2018, Departamento de Comunica\u00e7\u00e3o e Arte da Universidade de Aveiro, Portugal<\/p>\n<p>Demo no Anivers\u00e1rio da Altice Labs, 23 de fevereiro de 2018, Aveiro, Portugal<\/p>\n<p>&nbsp;<\/p>\n<p>&nbsp;<\/p>\n<p><span style=\"color: #006584\"><strong>Participa\u00e7\u00e3o e Demos em Confer\u00eancias<\/strong><\/span><\/p>\n<p>&nbsp;<\/p>\n<p>ISCC &#8211; 2016 IEEE Symposium on Computers and Communication. Messina, Italy<\/p>\n<p>jAUTI\u201917 &#8211; 6th Iberoamerican Conference on Applications and Usability of Interactive TV, 12 a 13 de outubro de 2017, Aveiro<\/p>\n<p>JCGMM &#8211; XVI Jornadas da Computa\u00e7\u00e3o Gr\u00e1fica e Multim\u00e9dia, 7 a 9 de mar\u00e7o de 2018, Viana do Castelo<\/p>\n<p>IMCIC 2018 \u2013 International Multi-Conference on Complexity, Informatics and Cybernetics, 13 a 16 de mar\u00e7o de 2018, Orlando, Florida, USA<\/p>\n<p>TVX 2018 \u2013 ACM <em>International Conference on Interactive Experiences for Television and Online Video<\/em>, Seoul, Coreia<\/p>\n<p>IFIP-ICEC&#8217;18 \u2013 International Conference on Entertainment Computing, Poznan, Poland, September, 17-20th, 2018 (n\u00e3o obstante estar fora do calend\u00e1rio de execu\u00e7\u00e3o do projeto, esta demo ser\u00e1 realizada com recursos da Universidade de Aveiro)<\/p>\n<p>&nbsp;<\/p>\n<p>&nbsp;<\/p>\n<p><span style=\"color: #006584\"><strong>Participa\u00e7\u00e3o em Workshops<\/strong><\/span><\/p>\n<p>&nbsp;<\/p>\n<p>TV Trends: OTT, Apps, Ads. Tech Day #87 Altice Labs, 30 novembro 2016.\u00a0Altice Labs SA, Aveiro.<\/p>\n<p>&nbsp;<\/p>\n<p>A new TV experience: Ultra TV. Tech Day #97 Altice Labs, 19 julho 2018.\u00a0Altice Labs SA, Aveiro<\/p>\n<p>&nbsp;<\/p>\n<p><a href=\"https:\/\/cld.pt\/dl\/download\/2950dade-c0c5-47dd-8719-5613b84435d1\/video_97techday\/techday_97_.mp4\"><img loading=\"lazy\" class=\"alignnone wp-image-17283\" src=\"https:\/\/www.alticelabs.com\/site\/ultratv\/wp-content\/uploads\/sites\/11\/2018\/07\/97TD_Agenda-300x169.png\" alt=\"\" width=\"600\" height=\"338\" srcset=\"https:\/\/www.alticelabs.com\/site\/ultratv\/wp-content\/uploads\/sites\/11\/2018\/07\/97TD_Agenda-300x169.png 300w, https:\/\/www.alticelabs.com\/site\/ultratv\/wp-content\/uploads\/sites\/11\/2018\/07\/97TD_Agenda-768x432.png 768w, https:\/\/www.alticelabs.com\/site\/ultratv\/wp-content\/uploads\/sites\/11\/2018\/07\/97TD_Agenda-1024x576.png 1024w, https:\/\/www.alticelabs.com\/site\/ultratv\/wp-content\/uploads\/sites\/11\/2018\/07\/97TD_Agenda-700x394.png 700w, https:\/\/www.alticelabs.com\/site\/ultratv\/wp-content\/uploads\/sites\/11\/2018\/07\/97TD_Agenda-539x303.png 539w, https:\/\/www.alticelabs.com\/site\/ultratv\/wp-content\/uploads\/sites\/11\/2018\/07\/97TD_Agenda.png 1280w\" sizes=\"(max-width: 600px) 100vw, 600px\" \/><\/a><\/p>\n<h5><span lang=\"PT\">\u00a0<\/span><\/h5>\n<p><span lang=\"EN-US\"><a href=\"https:\/\/cld.pt\/dl\/download\/96c54a22-af35-483a-81f3-d37da098c1f1\/techday_97_.mp4\" target=\"_blank\" rel=\"noopener noreferrer\"><span lang=\"PT\">V\u00eddeo do Workshop de encerramento do projeto UltraTV tema do Tech Day #97 Altice Labs<\/span><\/a><\/span><\/p>\n<p>&nbsp;<\/p>\n<p>&nbsp;<\/p>\n<h5><span style=\"color: #006584\"><strong>Publica\u00e7\u00f5es n\u00e3o cient\u00edficas<\/strong><\/span><\/h5>\n<p>&nbsp;<\/p>\n<p>Altice Labs SA (2016)<a href=\"https:\/\/www.alticelabs.com\/content\/InnovAction_2016.pdf\" target=\"_blank\" rel=\"noopener noreferrer\"> InnovAction #1<\/a>, Altice Labs SA.\u00a0Aveiro, Portugal.<\/p>\n<p>Altice Labs SA (2017) <a href=\"https:\/\/www.alticelabs.com\/site\/ultratv\/wp-content\/uploads\/sites\/11\/2018\/07\/Over-The-Top-Multimedia-Content-Delivery-Strategy.pdf\">InnovAction Over-The-Top Multimedia Content Delivery: a study<\/a>, Altice Labs SA.\u00a0Aveiro, Portugal.<\/p>\n<p>Altice Labs SA (2017) <a href=\"https:\/\/www.alticelabs.com\/site\/innovaction\/wp-content\/uploads\/sites\/15\/2018\/01\/From-TV-Flow-to-TV-Concierge.pdf\" target=\"_blank\" rel=\"noopener noreferrer\">InnovAction From TV Flow to TV Concierge: a new TV experience<\/a>, Altice Labs SA.\u00a0Aveiro, Portugal.<\/p>\n<p>&nbsp;<\/p>\n<p>&nbsp;<\/p>\n<h5><span style=\"color: #006584\"><strong>Publica\u00e7\u00f5es cient\u00edficas<\/strong><\/span><\/h5>\n<p>&nbsp;<\/p>\n<div>\n<p><span style=\"color: #006584\"><strong>Artigos de revistas Internacionais:<\/strong><\/span><\/p>\n<p>&nbsp;<\/p>\n<p>Abreu, J., Nogueira, J., Becker, V., &amp; Cardoso, B. (2016).\u00a0Survey of Catch-up TV and other time-shift services: a comprehensive analysis and taxonomy of linear and nonlinear television.\u00a0Telecommunication Systems.\u00a0<a href=\"http:\/\/doi.org\/10.1007\/s11235-016-0157-3\" target=\"_blank\" rel=\"noopener noreferrer\">http:\/\/doi.org\/10.1007\/s11235-016-0157-3<\/a><\/p>\n<p>&nbsp;<\/p>\n<p>Almeida, P., Abreu, J., et al. (2018). Iterative User Experience Evaluation of a User Interface for the Unification of TV Contents. In: Ab\u00e1solo M., Abreu, J., Almeida P., Silva, T. (Eds) CCIS, Series: Communications in Computer and Information Science, Vol. 813, Applications and Usability of Interactive TV, Springer. <a href=\"https:\/\/doi.org\/10.1007\/978-3-319-90170-1_4\" target=\"_blank\" rel=\"noopener noreferrer\">https:\/\/doi.org\/10.1007\/978-3-319-90170-1_4<\/a><\/p>\n<p>&nbsp;<\/p>\n<p>B Cardoso, J Abreu. Machine Learning the TV Consumption: A Basis for a Recommendation System.\u00a0Communications in Computer and Information Science,\u00a02018,\u00a0<a href=\"https:\/\/doi.org\/10.1007\/978-3-319-90170-1_5\" target=\"_blank\" rel=\"noopener noreferrer\">https:\/\/doi.org\/10.1007\/978-3-319-90170-1_5<\/a><\/p>\n<p>&nbsp;<\/p>\n<p>Lucas Guardalben, Tom\u00e9 Gomes, Paulo Salvador and Susana Sargento. Socially-Aware Multimedia Dissemination in Personal Mobile Networks. Journal on Wireless Personal Communications, pp 1\u201334, June 2017, <a href=\"https:\/\/doi.org\/10.1007\/s11277-017-4609-1\" target=\"_blank\" rel=\"noopener noreferrer\">https:\/\/doi.org\/10.1007\/s11277-017-4609-1<\/a>.<\/p>\n<p>&nbsp;<\/p>\n<p>Nogueira, J., Guardalben, L., Cardoso, B., &amp; Sargento, S. (2016).\u00a0Catch-up TV analytics: statistical characterization and consumption patterns identification on a production service.\u00a0Multimedia Systems, 1\u201319.\u00a0<a href=\"http:\/\/doi.org\/10.1007\/s00530-016-0516-7\" target=\"_blank\" rel=\"noopener noreferrer\">http:\/\/doi.org\/10.1007\/s00530-016-0516-7<\/a><\/p>\n<p>&nbsp;<\/p>\n<p>Zhongliang Zhao, Lucas Guardalben, Mostafa Karimzadeh, Jos\u00e9 Silva, Torsten Braun, Susana Sargento. Mobility Prediction-Assisted Over-The-Top Edge Prefetching for Hierarchical VANETs. IEEE Journal on Selected Areas in Communications (JSAC) \u2013 Special Issue on Caching for Communications Systems and Networks, 2018.\u00a0<a href=\"https:\/\/meocloud.pt\/link\/9d7a2a40-1eb7-4275-b28c-31774aaa2abd\/IT_artigo_bare_jrnl.pdf\/\" target=\"_blank\" rel=\"noopener noreferrer\">https:\/\/meocloud.pt\/link\/9d7a2a40-1eb7-4275-b28c-31774aaa2abd\/IT_artigo_bare_jrnl.pdf\/<\/a><\/p>\n<\/div>\n<p>&nbsp;<\/p>\n<p>&nbsp;<\/p>\n<div>\n<p>&nbsp;<\/p>\n<p><span style=\"color: #006584\"><strong>Artigos de Confer\u00eancias Internacionais:<\/strong><\/span><\/p>\n<p>&nbsp;<\/p>\n<p>Abreu, J., Almeida, P., Fernandes, S., Velhinho, A. (2018). Innovation through a content-first iTV platform &#8211; bringing younger audiences back to the TV screen, in proceedings of jAUTI2018 \u2013 7ma. Conferencia Iberoamericana &#8211; \u201cTelevisi\u00f3n Digital, estudios del audiovisual y nuevas plataformas\u201d, Quilmes &#8211; Buenos Aires, Argentina (17 &#8211; 18 de Outubro de 2018) (in press)<\/p>\n<p>&nbsp;<\/p>\n<p>Abreu, J., Almeida, P., Silva, T., Velhinho, A., Fernandes, S. (2018). Using Experts Review to validate an iTV UI for the unification of contents. In Proceedings of The 9th International Multi-Confer. on Complexity, Informatics and Cybernetics: IMCIC 2018\u00a0(in press)<\/p>\n<p>&nbsp;<\/p>\n<p>Abreu, J., Almeida, P., Varsovi, E., Fernandes, S. (2017). Interactive television UI: Industry trends and disruptive design approaches, in Abreu, J., Guerrero, M. Almeida, P. Silva, T. (Eds.), Proceedings of the 6th Iberoamerican Conference on Applications and Usability of Interactive TV &#8211; jAUTI 2017 (pp. 213-224). UA Edit., ISBN 978-972-789-521-2. <a href=\"http:\/\/jauti2017.web.ua.pt\/wp-content\/uploads\/2017\/10\/Procedings_jAUTI2017.pdf\" target=\"_blank\" rel=\"noopener noreferrer\">http:\/\/jauti2017.web.ua.pt\/wp-content\/uploads\/2017\/10\/Procedings_jAUTI2017.pdf<\/a><\/p>\n<p>&nbsp;<\/p>\n<p>Abreu, J., Almeida, P., Velhinho, A., Fernandes, S., Guedes, R. (2018). An iTV prototype for content unification, International Conference on Entertainment Computing (IFIP-ICEC&#8217;18), Poznan, Poland, September 17-20TH, 2018 <a href=\"https:\/\/doi.org\/10.1007\/978-3-319-99426-0_32\" target=\"_blank\" rel=\"noopener noreferrer\">https:\/\/doi.org\/10.1007\/978-3-319-99426-0_32<\/a><\/p>\n<p>&nbsp;<\/p>\n<p>Abreu, J., Almeida, P., Velhinho, A., Varsori, H. (2018). Viewers\u2019 Behaviors at Home on TV and Other Screens: An Online Survey, In\u00a0Proceedings of the 2018 ACM International Conference on Interactive Experiences for TV and Online Video (pp. 173-178). ACM. <a href=\"https:\/\/doi.org\/10.1145\/3210825.3213559\" target=\"_blank\" rel=\"noopener noreferrer\">https:\/\/doi.org\/10.1145\/3210825.3213559<\/a><\/p>\n<p>&nbsp;<\/p>\n<p>Abreu, J., Fernandes, S., Velhinho, A., Rodrigues, A. (2018). Content unification: a trend reshaping the iTV ecosystem, International Conference on Entertainment Computing (IFIP-ICEC&#8217;18), Poznan, Poland, September 17-20TH, 2018 <a href=\"https:\/\/doi.org\/10.1007\/978-3-319-99426-0_33\" target=\"_blank\" rel=\"noopener noreferrer\">https:\/\/doi.org\/10.1007\/978-3-319-99426-0_33<\/a><\/p>\n<p>&nbsp;<\/p>\n<p>Almeida, P., Abreu, J., et al. (2018). UltraTV: an iTV content unification prototype, in adjunct proceedings of ACM TVX\u201918 (Interactive Experiences for Television and Online Video), Seoul, Korea, 26-28 june, 2018\u00a0<a href=\"https:\/\/figshare.com\/articles\/Demo_UltraTV_an_iTV_content_unification_prototype\/6527597\">https:\/\/figshare.com\/articles\/Demo_UltraTV_an_iTV_content_unification_prototype\/6527597<\/a><\/p>\n<p>&nbsp;<\/p>\n<p>Almeida, P., Abreu, J., Fernandes, S., Oliveira, E. (2018). Content Unification in iTV to Enhance User Experience: The UltraTV Project, In Proceedings of the 2018 ACM International Conference on Interactive Experiences for TV and Online Video (pp. 167-172). ACM. <a href=\"https:\/\/doi.org\/10.1145\/3210825.3213558\" target=\"_blank\" rel=\"noopener noreferrer\">https:\/\/doi.org\/10.1145\/3210825.3213558<\/a><\/p>\n<p>&nbsp;<\/p>\n<p>Almeida, P., Abreu, J., Oliveira, E., Velhinho, A. (2017). Expert evaluation of a user interface for the unification of TV contents, in Abreu, J., Guerrero, M. Almeida, P. Silva, T. (Eds.), Proceedings of the 6th Iberoamerican Conference on Applications and Usability of Interactive TV &#8211; jAUTI 2017 (pp. 59-70). UA Editora, ISBN 978-972-789-521-2 <a href=\"http:\/\/jauti2017.web.ua.pt\/wp-content\/uploads\/2017\/10\/Procedings_jAUTI2017.pdf\" target=\"_blank\" rel=\"noopener noreferrer\">http:\/\/jauti2017.web.ua.pt\/wp-content\/uploads\/2017\/10\/Procedings_jAUTI2017.pdf<\/a><\/p>\n<p>&nbsp;<\/p>\n<p>Andr\u00e9 Dias, Adriano Fiorese, Andr\u00e9 Braga Reis, Susana Sargento, \u201cNetworking Awareness Based Approach to Over-the-Top Content Quality of Experience Improvement\u201d, 25\u00ba Semin\u00e1rio da RTCM, Porto, Portugal, 22 Junho 2018. apresenta\u00e7\u00e3o <a href=\"https:\/\/meocloud.pt\/link\/cda1f643-257a-4724-b8b3-b94a8b2709d4\/ADias-RTCM_widescreen.pdf\/\">https:\/\/meocloud.pt\/link\/cda1f643-257a-4724-b8b3-b94a8b2709d4\/ADias-RTCM_widescreen.pdf\/<\/a> e v\u00eddeo <a href=\"https:\/\/meocloud.pt\/link\/5219819c-a616-42c6-aaae-711fd02d7153\/IT_RTCM_Media1.mp4\/\">https:\/\/meocloud.pt\/link\/5219819c-a616-42c6-aaae-711fd02d7153\/IT_RTCM_Media1.mp4\/<\/a><\/p>\n<p>&nbsp;<\/p>\n<p>B Cardoso, J Abreu. TV Concierge: A Proposal for an Interactive TV Recommendation System Based on Viewing Context.\u00a0Proceedings of the 6th Iberoamerican Conference on Applications, 80.\u00a0<a href=\"http:\/\/jauti2017.web.ua.pt\/wp-content\/uploads\/2017\/10\/Procedings_jAUTI2017.pdf\">http:\/\/jauti2017.web.ua.pt\/wp-content\/uploads\/2017\/10\/Procedings_jAUTI2017.pdf<\/a><\/p>\n<p>&nbsp;<\/p>\n<p>Fernandes, S., Velhinho, A., Abreu, J., Almeida, P. (2018). UI design for an iTV platform: an iterative approach, XIX International Conference on human-computer interaction, Palma, September 12-14, 2018 (in press) <a href=\"https:\/\/doi.org\/10.1145\/3233824.3233851\" target=\"_blank\" rel=\"noopener noreferrer\">https:\/\/doi.org\/10.1145\/3233824.3233851<\/a><\/p>\n<p>&nbsp;<\/p>\n<p>Jos\u00e9 Silva, Andr\u00e9 Dias, Jo\u00e3o Nogueira, Lucas Guardalben, Susana Sargento. Content-Aware Prefetching in Over-The-Top Wireless Networks. In 22nd IEEE Symposium on Computers and Communication (ISCC) (p. 6). July 2017, Heraklion, Crete, Greece. <a href=\"https:\/\/doi.org\/10.1109\/ISCC.2017.8024580\" target=\"_blank\" rel=\"noopener noreferrer\">https:\/\/doi.org\/10.1109\/ISCC.2017.8024580<\/a><\/p>\n<p>&nbsp;<\/p>\n<p>Nogueira, J., Gonzalez, D., Guardalben, L., &amp; Sargento, S. (2016).\u00a0Over-The-Top Catch-up TV content-aware caching. In 2016 IEEE Symposium on Computers and Communication (ISCC) (pp. 1012\u20131017).\u00a0Messina, Italy: IEEE.\u00a0<a href=\"http:\/\/doi.org\/10.1109\/ISCC.2016.7543869\" target=\"_blank\" rel=\"noopener noreferrer\">http:\/\/doi.org\/10.1109\/ISCC.2016.7543869<\/a><\/p>\n<p>&nbsp;<\/p>\n<p>Rui Dias, Adriano Fiorese, Lucas Guardalben, Susana Sargento, Multimedia Content Distribution in Over-The-Top Networks, Inforum &#8211; Simp\u00f3sio de Inform\u00e1tica, Aveiro, Portugal, Vol., pp. -, October, 2017.\u00a0<a href=\"https:\/\/meocloud.pt\/link\/d34cc21d-b05d-470d-87e4-7aeaa9738c59\/IT_artigo_paper_82.pdf\/\" target=\"_blank\" rel=\"noopener noreferrer\">https:\/\/meocloud.pt\/link\/d34cc21d-b05d-470d-87e4-7aeaa9738c59\/IT_artigo_paper_82.pdf\/<\/a><\/p>\n<p>&nbsp;<\/p>\n<p>Rui Dias, Adriano Fiorese, Lucas Guardalben, Susana Sargento. A Distributed Caching Architecture for Over-the-Top Content Distribution. 14th Wireless On-demand Network systems and Services Conference (IEEE\/IFIP WONS 2018), Isola, France, (submitted December, 2017).\u00a0<a href=\"https:\/\/meocloud.pt\/link\/97a4f776-df67-40ef-9f00-06af9a916782\/IT_artigo_wons2018_v4.pdf\/\" target=\"_blank\" rel=\"noopener noreferrer\">https:\/\/meocloud.pt\/link\/97a4f776-df67-40ef-9f00-06af9a916782\/IT_artigo_wons2018_v4.pdf\/<\/a><\/p>\n<p>&nbsp;<\/p>\n<p>Silva, T., Almeida, P., Abreu, J., Oliveira, E. (2018). Interaction Paradigms on iTV: a survey towards the future of television. In Proceedings of The 9th International Multi-Conference on Complexity, Informatics and Cybernetics: IMCIC 2018\u00a0(in press)<\/p>\n<p>&nbsp;<\/p>\n<p>Tiago Oliveira, Adriano Fiorese, Susana Sargento, \u201cForecasting Over-The-Top Bandwidth Consumption Applied to Network Operators\u201d, IEEE International Symposium on Computer and Communications (ISCC), Natal, Brasil, Junho 2018.\u00a0<a href=\"https:\/\/meocloud.pt\/link\/9e755897-cc1a-4c96-ac91-2c9c13fde2c7\/IT_artigo_ISCC-2018-Forecasting-final01.pdf\/\" target=\"_blank\" rel=\"noopener noreferrer\">https:\/\/meocloud.pt\/link\/9e755897-cc1a-4c96-ac91-2c9c13fde2c7\/IT_artigo_ISCC-2018-Forecasting-final01.pdf\/<\/a><\/p>\n<p>&nbsp;<\/p>\n<\/div>\n<p>[\/vc_column_text][vc_separator type=&#8221;transparent&#8221; up=&#8221;5&#8243; down=&#8221;20&#8243;][vc_separator type=&#8221;transparent&#8221; up=&#8221;5&#8243; down=&#8221;20&#8243;][\/vc_column][\/vc_row]<\/p>\n","protected":false},"excerpt":{"rendered":"<p>[vc_row css_animation=&#8221;&#8221; row_type=&#8221;row&#8221; use_row_as_full_screen_section=&#8221;no&#8221; type=&#8221;grid&#8221; angled_section=&#8221;no&#8221; text_align=&#8221;left&#8221; background_image_as_pattern=&#8221;without_pattern&#8221; background_color=&#8221;#ffffff&#8221; padding_top=&#8221;73&#8243; padding_bottom=&#8221;95&#8243;][vc_column][vc_column_text] Dissemina\u00e7\u00e3o [\/vc_column_text][vc_separator type=&#8221;small&#8221; position=&#8221;center&#8221; up=&#8221;17&#8243; down=&#8221;65&#8243;][vc_column_text] Video promocional Flyer informativo\u00a0 &nbsp; Eventos &nbsp; Participa\u00e7\u00e3o em Feiras e Exposi\u00e7\u00f5es &nbsp; Techdays Aveiro 2016, 15-17 setembro 2016. Parque de Feiras e Exposi\u00e7\u00f5es de Aveiro, Aveiro, Portugal&#8230;<\/p>\n","protected":false},"author":74,"featured_media":0,"parent":0,"menu_order":0,"comment_status":"closed","ping_status":"closed","template":"full_width.php","meta":[],"_links":{"self":[{"href":"https:\/\/www.alticelabs.com\/site\/ultratv\/wp-json\/wp\/v2\/pages\/16284"}],"collection":[{"href":"https:\/\/www.alticelabs.com\/site\/ultratv\/wp-json\/wp\/v2\/pages"}],"about":[{"href":"https:\/\/www.alticelabs.com\/site\/ultratv\/wp-json\/wp\/v2\/types\/page"}],"author":[{"embeddable":true,"href":"https:\/\/www.alticelabs.com\/site\/ultratv\/wp-json\/wp\/v2\/users\/74"}],"replies":[{"embeddable":true,"href":"https:\/\/www.alticelabs.com\/site\/ultratv\/wp-json\/wp\/v2\/comments?post=16284"}],"version-history":[{"count":56,"href":"https:\/\/www.alticelabs.com\/site\/ultratv\/wp-json\/wp\/v2\/pages\/16284\/revisions"}],"predecessor-version":[{"id":17316,"href":"https:\/\/www.alticelabs.com\/site\/ultratv\/wp-json\/wp\/v2\/pages\/16284\/revisions\/17316"}],"wp:attachment":[{"href":"https:\/\/www.alticelabs.com\/site\/ultratv\/wp-json\/wp\/v2\/media?parent=16284"}],"curies":[{"name":"wp","href":"https:\/\/api.w.org\/{rel}","templated":true}]}}