{"id":16213,"date":"2017-03-23T20:02:58","date_gmt":"2017-03-23T20:02:58","guid":{"rendered":"http:\/\/127.0.0.1\/wordpress\/?page_id=16213"},"modified":"2017-04-10T15:18:46","modified_gmt":"2017-04-10T15:18:46","slug":"contactos-2","status":"publish","type":"page","link":"https:\/\/www.alticelabs.com\/site\/ultratv\/contactos-2\/","title":{"rendered":"Contactos"},"content":{"rendered":"<p>[vc_row css_animation=&#8221;&#8221; row_type=&#8221;row&#8221; use_row_as_full_screen_section=&#8221;no&#8221; type=&#8221;full_width&#8221; angled_section=&#8221;no&#8221; text_align=&#8221;left&#8221; background_image_as_pattern=&#8221;without_pattern&#8221;][vc_column][vc_column_text]<\/p>\n<h5><span style=\"color: #000000\">Parceiros<\/span><\/h5>\n<p>[\/vc_column_text][vc_separator type=&#8221;small&#8221; position=&#8221;left&#8221; color=&#8221;#0099ab&#8221; up=&#8221;6&#8243; down=&#8221;6&#8243;][vc_empty_space height=&#8221;30px&#8221;][vc_column_text]<\/p>\n<h5><strong><a href=\"https:\/\/www.alticelabs.com\/pt\/\"><span style=\"color: #0098ac\">Altice Labs<\/span><\/a><\/strong><\/h5>\n<p>Rua Eng.\u00ba Jos\u00e9 Ferreira Pinto Basto<\/p>\n<p>3810-106 Aveiro<\/p>\n<p>&nbsp;<\/p>\n<h5><strong><a href=\"https:\/\/www.ua.pt\/\"><span style=\"color: #0098ac\">Universidade de Aveiro<\/span><\/a><\/strong><\/h5>\n<p>Campus Universit\u00e1rio de Santiago<\/p>\n<p>Universidade de Aveiro<\/p>\n<p>3810-193 Aveiro<\/p>\n<p>&nbsp;<\/p>\n<h5><strong><a href=\"https:\/\/www.it.pt\/ITSites\/Index\/3\"><span style=\"color: #0098ac\">IT &#8211; Instituto de Telecomunica\u00e7\u00f5es<\/span><\/a><\/strong><\/h5>\n<p>Campus Universit\u00e1rio de Santiago<\/p>\n<p>Universidade de Aveiro<\/p>\n<p>3810-193 Aveiro[\/vc_column_text][vc_empty_space height=&#8221;60px&#8221;][vc_column_text]<\/p>\n<h5>Outras entidades associadas<\/h5>\n<p>[\/vc_column_text][vc_separator type=&#8221;small&#8221; position=&#8221;left&#8221; color=&#8221;#0099ab&#8221; up=&#8221;6&#8243; down=&#8221;6&#8243;][vc_empty_space height=&#8221;30px&#8221;][vc_column_text]<\/p>\n<h5><a href=\"http:\/\/socialitv.web.ua.pt\"><strong><span style=\"color: #0098ac\">Social iTV\u00a0research group<\/span><\/strong><\/a><\/h5>\n<p>Departamento de Arte e Comunica\u00e7\u00e3o<\/p>\n<p>Campus Universit\u00e1rio de Santiago<\/p>\n<p>Universidade de Aveiro<\/p>\n<p>3810-193 Aveiro<\/p>\n<p>&nbsp;<\/p>\n<h5><span style=\"color: #0099ab\"><a style=\"color: #0099ab\" href=\"http:\/\/digimedia.web.ua.pt\"><strong>Digimedia (CIC.Digital)<\/strong><\/a><\/span><\/h5>\n<p>Campus Universit\u00e1rio de Santiago<\/p>\n<p>Universidade de Aveiro<\/p>\n<p>3810-193 Aveiro<\/p>\n<h5><\/h5>\n<p>[\/vc_column_text][vc_empty_space height=&#8221;30px&#8221;][vc_separator type=&#8221;transparent&#8221; up=&#8221;6&#8243; down=&#8221;6&#8243;][\/vc_column][\/vc_row]<\/p>\n","protected":false},"excerpt":{"rendered":"<p>[vc_row css_animation=&#8221;&#8221; row_type=&#8221;row&#8221; use_row_as_full_screen_section=&#8221;no&#8221; type=&#8221;full_width&#8221; angled_section=&#8221;no&#8221; text_align=&#8221;left&#8221; background_image_as_pattern=&#8221;without_pattern&#8221;][vc_column][vc_column_text] Parceiros [\/vc_column_text][vc_separator type=&#8221;small&#8221; position=&#8221;left&#8221; color=&#8221;#0099ab&#8221; up=&#8221;6&#8243; down=&#8221;6&#8243;][vc_empty_space height=&#8221;30px&#8221;][vc_column_text] Altice Labs Rua Eng.\u00ba Jos\u00e9 Ferreira Pinto Basto 3810-106 Aveiro &nbsp; Universidade de Aveiro Campus Universit\u00e1rio de Santiago Universidade de Aveiro 3810-193 Aveiro &nbsp; IT &#8211; Instituto de Telecomunica\u00e7\u00f5es&#8230;<\/p>\n","protected":false},"author":74,"featured_media":0,"parent":0,"menu_order":0,"comment_status":"closed","ping_status":"closed","template":"contact-page.php","meta":[],"_links":{"self":[{"href":"https:\/\/www.alticelabs.com\/site\/ultratv\/wp-json\/wp\/v2\/pages\/16213"}],"collection":[{"href":"https:\/\/www.alticelabs.com\/site\/ultratv\/wp-json\/wp\/v2\/pages"}],"about":[{"href":"https:\/\/www.alticelabs.com\/site\/ultratv\/wp-json\/wp\/v2\/types\/page"}],"author":[{"embeddable":true,"href":"https:\/\/www.alticelabs.com\/site\/ultratv\/wp-json\/wp\/v2\/users\/74"}],"replies":[{"embeddable":true,"href":"https:\/\/www.alticelabs.com\/site\/ultratv\/wp-json\/wp\/v2\/comments?post=16213"}],"version-history":[{"count":19,"href":"https:\/\/www.alticelabs.com\/site\/ultratv\/wp-json\/wp\/v2\/pages\/16213\/revisions"}],"predecessor-version":[{"id":16876,"href":"https:\/\/www.alticelabs.com\/site\/ultratv\/wp-json\/wp\/v2\/pages\/16213\/revisions\/16876"}],"wp:attachment":[{"href":"https:\/\/www.alticelabs.com\/site\/ultratv\/wp-json\/wp\/v2\/media?parent=16213"}],"curies":[{"name":"wp","href":"https:\/\/api.w.org\/{rel}","templated":true}]}}