{"id":14468,"date":"2014-03-28T10:11:36","date_gmt":"2014-03-28T10:11:36","guid":{"rendered":"http:\/\/demo.qodeinteractive.com\/bridge18\/?page_id=14468"},"modified":"2018-07-19T10:00:01","modified_gmt":"2018-07-19T10:00:01","slug":"home-7","status":"publish","type":"page","link":"https:\/\/www.alticelabs.com\/site\/ultratv\/","title":{"rendered":"Home"},"content":{"rendered":"<p>[vc_row css_animation=&#8221;&#8221; row_type=&#8221;row&#8221; use_row_as_full_screen_section=&#8221;no&#8221; type=&#8221;grid&#8221; anchor=&#8221;portfolio&#8221; angled_section=&#8221;no&#8221; text_align=&#8221;left&#8221; background_image_as_pattern=&#8221;without_pattern&#8221; background_color=&#8221;#ffffff&#8221; padding_top=&#8221;50&#8243; padding_bottom=&#8221;50&#8243;][vc_column width=&#8221;1\/2&#8243;][vc_single_image image=&#8221;16472&#8243; img_size=&#8221;full&#8221; alignment=&#8221;center&#8221; qode_css_animation=&#8221;element_from_left&#8221; transition_delay=&#8221;0.3&#8243;][\/vc_column][vc_column width=&#8221;1\/2&#8243;][vc_row_inner row_type=&#8221;row&#8221; type=&#8221;full_width&#8221; text_align=&#8221;center&#8221; css_animation=&#8221;&#8221;][vc_column_inner][vc_column_text]<\/p>\n<h2 style=\"text-align: center\">MISS\u00c3O<\/h2>\n<p>[\/vc_column_text][vc_separator type=&#8221;small&#8221; position=&#8221;center&#8221; up=&#8221;7&#8243; down=&#8221;38&#8243;][vc_column_text]<\/p>\n<h4 style=\"text-align: left\">Com este projeto, a Altice Labs e os seus parceiros de cons\u00f3rcio, Instituto de Telecomunica\u00e7\u00f5es de Aveiro e a Universidade de Aveiro, pretendem extravasar de uma forma radical a mera reimplementa\u00e7\u00e3o dos servi\u00e7os dispon\u00edveis atualmente, privilegiando a experi\u00eancia do utilizador (UX). Para tal, prop\u00f5em novos modelos de intera\u00e7\u00e3o com os conte\u00fados e com a pr\u00f3pria interface; novos servi\u00e7os de recolha sistem\u00e1tica de dados de sa\u00fade, integradas numa l\u00f3gica de promo\u00e7\u00e3o do envelhecimento ativo; bem como a proposta de arquiteturas de transmiss\u00e3o de rede com vista ao suporte de conte\u00fados\u00a0<em>UltraHD<\/em>.<\/h4>\n<p>[\/vc_column_text][\/vc_column_inner][\/vc_row_inner]\n\n\t<a href=\"https:\/\/www.alticelabs.com\/site\/ultratv\/missao\/\" target=\"_self\" style=\"color: #ffffff;background-color: #006584;font-size: 14px;font-weight: 600;margin: 25px 0px 0px 0px \" class=\"qode-btn qode-btn-medium qode-btn-solid qode-btn-custom-hover-bg qode-btn-custom-hover-color btn_radious qode-btn-default-hover\" data-hover-bg-color=\"#0099ab\" data-hover-color=\"#ffffff\" >\n\t    <span class=\"qode-btn-text\">SABER MAIS<\/span>\t<\/a>\n\n[\/vc_column][\/vc_row][vc_row row_type=&#8221;parallax&#8221; parallax_content_width=&#8221;in_grid&#8221; anchor=&#8221;portfolio&#8221; text_align=&#8221;center&#8221; background_image=&#8221;16476&#8243; full_screen_section_height=&#8221;no&#8221; section_height=&#8221;400&#8243;][vc_column][\/vc_column][\/vc_row][vc_row css_animation=&#8221;&#8221; row_type=&#8221;row&#8221; use_row_as_full_screen_section=&#8221;no&#8221; type=&#8221;grid&#8221; anchor=&#8221;portfolio&#8221; angled_section=&#8221;no&#8221; text_align=&#8221;left&#8221; background_image_as_pattern=&#8221;without_pattern&#8221; background_color=&#8221;#ffffff&#8221; padding_top=&#8221;50&#8243; padding_bottom=&#8221;50&#8243;][vc_column width=&#8221;1\/2&#8243;][vc_single_image image=&#8221;17161&#8243; img_size=&#8221;full&#8221; alignment=&#8221;center&#8221; qode_css_animation=&#8221;element_from_left&#8221; transition_delay=&#8221;0.3&#8243;][\/vc_column][vc_column width=&#8221;1\/2&#8243;][vc_row_inner row_type=&#8221;row&#8221; type=&#8221;full_width&#8221; text_align=&#8221;center&#8221; css_animation=&#8221;&#8221;][vc_column_inner][vc_column_text]<\/p>\n<h2 style=\"text-align: center\">OBJETIVOS<\/h2>\n<p>[\/vc_column_text][vc_separator type=&#8221;small&#8221; position=&#8221;center&#8221; up=&#8221;7&#8243; down=&#8221;38&#8243;][vc_column_text]<\/p>\n<h4><\/h4>\n<h4 style=\"text-align: left\">O objetivo fundamental do projeto \u00e9 desenvolver um ecossistema de aplica\u00e7\u00f5es de TV Interativa, multidispositivo, que permita suportar um servi\u00e7o de TV com as funcionalidades mais avan\u00e7adas do mercado, suscet\u00edvel de servir de base a uma nova gera\u00e7\u00e3o do servi\u00e7o MEO, quer em Portugal quer em quaisquer outras geografias\u00a0onde o grupo Altice est\u00e1 presente, nomeadamente Fran\u00e7a, Israel, Rep\u00fablica Dominicana e Estados Unidos.<\/h4>\n<p>[\/vc_column_text]\n\n\t<a href=\"https:\/\/www.alticelabs.com\/site\/ultratv\/objetivos\/\" target=\"_self\" style=\"color: #ffffff;background-color: #006584;font-size: 14px;font-weight: 600;margin: 25px 0px 0px 0px \" class=\"qode-btn qode-btn-medium qode-btn-solid qode-btn-custom-hover-bg qode-btn-custom-hover-color btn_radious qode-btn-default-hover\" data-hover-bg-color=\"#0099ab\" data-hover-color=\"#ffffff\" >\n\t    <span class=\"qode-btn-text\">SABER MAIS<\/span>\t<\/a>\n\n[\/vc_column_inner][\/vc_row_inner][\/vc_column][\/vc_row][vc_row css_animation=&#8221;&#8221; row_type=&#8221;row&#8221; use_row_as_full_screen_section=&#8221;no&#8221; type=&#8221;full_width&#8221; anchor=&#8221;gallery&#8221; angled_section=&#8221;no&#8221; text_align=&#8221;left&#8221; background_image_as_pattern=&#8221;without_pattern&#8221;][vc_column][vc_gallery type=&#8221;image_grid&#8221; images=&#8221;16590,16589,16588,16587&#8243; img_size=&#8221;600&#215;600&#8243; column_number=&#8221;4&#8243; grayscale=&#8221;yes&#8221; images_space=&#8221;gallery_without_space&#8221;][\/vc_column][\/vc_row][vc_row css_animation=&#8221;&#8221; row_type=&#8221;row&#8221; use_row_as_full_screen_section=&#8221;no&#8221; type=&#8221;grid&#8221; angled_section=&#8221;no&#8221; text_align=&#8221;left&#8221; background_image_as_pattern=&#8221;without_pattern&#8221; background_color=&#8221;#ffffff&#8221; padding_top=&#8221;75&#8243; padding_bottom=&#8221;50&#8243;][vc_column][vc_single_image image=&#8221;17155&#8243; img_size=&#8221;large&#8221; alignment=&#8221;center&#8221; qode_css_animation=&#8221;&#8221;][vc_empty_space height=&#8221;120px&#8221;][vc_row_inner row_type=&#8221;row&#8221; type=&#8221;full_width&#8221; text_align=&#8221;left&#8221; background_color=&#8221;#ffffff&#8221; css_animation=&#8221;&#8221;][vc_column_inner width=&#8221;1\/2&#8243;]<div class='q_icon_with_title tiny circle'><div class=\"icon_holder q_icon_animation\" style=\" transition-delay: 100ms; -webkit-transition-delay: 100ms; -moz-transition-delay: 100ms; -o-transition-delay: 100ms;\"><span data-icon-type=\"circle\"   class=\"qode_iwt_icon_holder fa-stack fa-lg \" style=\"font-size: 24px;border-color: #0099ab;background-color: #0099ab;\"><i class=\"qode_icon_font_awesome fa fa-cog qode_iwt_icon_element\" style=\"color: #ffffff;\" ><\/i><\/span><\/div><div class=\"icon_text_holder\" style=\"padding-left:72px;\"><div class=\"icon_text_inner\" style=\"\"><h5 class=\"icon_title\" style=\"\">FUNCIONALIDADES AVAN\u00c7ADAS<\/h5><p style=''>Desenvolver um ecossistema de aplica\u00e7\u00f5es de TV Interativa, que permita suportar um servi\u00e7o de TV com as funcionalidades mais avan\u00e7adas do mercado, suscet\u00edvel de servir de base a uma nova gera\u00e7\u00e3o do MEO<\/p><\/div><\/div><\/div>[vc_separator type=&#8221;transparent&#8221; up=&#8221;26&#8243; down=&#8221;24&#8243;][\/vc_column_inner][vc_column_inner width=&#8221;1\/2&#8243;]<div class='q_icon_with_title tiny circle'><div class=\"icon_holder q_icon_animation\" style=\" transition-delay: 200ms; -webkit-transition-delay: 200ms; -moz-transition-delay: 200ms; -o-transition-delay: 200ms;\"><span data-icon-type=\"circle\"   class=\"qode_iwt_icon_holder fa-stack fa-lg \" style=\"font-size: 24px;border-color: #0099ab;background-color: #0099ab;\"><i class=\"qode_icon_font_awesome fa fa-commenting qode_iwt_icon_element\" style=\"color: #ffffff;\" ><\/i><\/span><\/div><div class=\"icon_text_holder\" style=\"padding-left:72px;\"><div class=\"icon_text_inner\" style=\"\"><h5 class=\"icon_title\" style=\"\">NORMAS ABERTAS<\/h5><p style=''>Que esse ecossistema seja suportado em normas abertas, como HTML5, MPEG-DASH, HbbTV e RDK, e possa ser alvo de desenvolvimentos por qualquer entidade com compet\u00eancias para tal<\/p><\/div><\/div><\/div>[vc_separator type=&#8221;transparent&#8221; up=&#8221;26&#8243; down=&#8221;24&#8243;][\/vc_column_inner][\/vc_row_inner][vc_row_inner row_type=&#8221;row&#8221; type=&#8221;full_width&#8221; text_align=&#8221;left&#8221; css_animation=&#8221;&#8221;][vc_column_inner width=&#8221;1\/2&#8243;]<div class='q_icon_with_title tiny circle'><div class=\"icon_holder q_icon_animation\" style=\" transition-delay: 300ms; -webkit-transition-delay: 300ms; -moz-transition-delay: 300ms; -o-transition-delay: 300ms;\"><span data-icon-type=\"circle\"   class=\"qode_iwt_icon_holder fa-stack fa-lg \" style=\"font-size: 24px;border-color: #0099ab;background-color: #0099ab;\"><i class=\"qode_icon_font_awesome fa fa-clone qode_iwt_icon_element\" style=\"color: #ffffff;\" ><\/i><\/span><\/div><div class=\"icon_text_holder\" style=\"padding-left:72px;\"><div class=\"icon_text_inner\" style=\"\"><h5 class=\"icon_title\" style=\"\">MULTIDISPOSITIVO E STBS ABERTAS<\/h5><p style=''>Que sejam suportadas STBs de operador, com o desenvolvimento das respetivas aplica\u00e7\u00f5es de suporte, mas tamb\u00e9m STBs abertas, bem como televisores \u201cinteligentes\u201d, computadores, tablets e telem\u00f3veis<\/p><\/div><\/div><\/div>[vc_separator type=&#8221;transparent&#8221; up=&#8221;26&#8243; down=&#8221;24&#8243;][\/vc_column_inner][vc_column_inner width=&#8221;1\/2&#8243;]<div class='q_icon_with_title tiny circle'><div class=\"icon_holder q_icon_animation\" style=\" transition-delay: 300ms; -webkit-transition-delay: 300ms; -moz-transition-delay: 300ms; -o-transition-delay: 300ms;\"><span data-icon-type=\"circle\"   class=\"qode_iwt_icon_holder fa-stack fa-lg \" style=\"font-size: 24px;border-color: #0099ab;background-color: #0099ab;\"><i class=\"qode_icon_font_awesome fa fa-random qode_iwt_icon_element\" style=\"color: #ffffff;\" ><\/i><\/span><\/div><div class=\"icon_text_holder\" style=\"padding-left:72px;\"><div class=\"icon_text_inner\" style=\"\"><h5 class=\"icon_title\" style=\"\">INTEGRA\u00c7\u00c3O DE CONTE\u00daDOS<\/h5><p style=''>Que o foco das aplica\u00e7\u00f5es seja facilitar o consumo de conte\u00fados a pedido de uma forma integrada, que v\u00e1 para al\u00e9m da l\u00f3gica linear dos alinhamentos tradicionais de canais<\/p><\/div><\/div><\/div>[vc_separator type=&#8221;transparent&#8221; up=&#8221;26&#8243; down=&#8221;24&#8243;][\/vc_column_inner][\/vc_row_inner][vc_row_inner row_type=&#8221;row&#8221; type=&#8221;full_width&#8221; text_align=&#8221;left&#8221; css_animation=&#8221;&#8221;][vc_column_inner width=&#8221;1\/2&#8243;]<div class='q_icon_with_title tiny circle'><div class=\"icon_holder q_icon_animation\" style=\" transition-delay: 400ms; -webkit-transition-delay: 400ms; -moz-transition-delay: 400ms; -o-transition-delay: 400ms;\"><span data-icon-type=\"circle\"   class=\"qode_iwt_icon_holder fa-stack fa-lg \" style=\"font-size: 24px;border-color: #0099ab;background-color: #0099ab;\"><i class=\"qode_icon_font_awesome fa fa-rss qode_iwt_icon_element\" style=\"color: #ffffff;\" ><\/i><\/span><\/div><div class=\"icon_text_holder\" style=\"padding-left:72px;\"><div class=\"icon_text_inner\" style=\"\"><h5 class=\"icon_title\" style=\"\">TECNOLOGIA DE TRANSMISS\u00c3O ADAPTATIVA<\/h5><p style=''>Que todo o ecossistema use tecnologias de distribui\u00e7\u00e3o adaptativa como base para a transmiss\u00e3o de conte\u00fados para que seja o mais agn\u00f3stica poss\u00edvel \u00e0s redes onde em concreto vai ser usada, mas mantenha um elevado n\u00edvel de qualidade de imagem, mesmo nos casos de utiliza\u00e7\u00e3o de conte\u00fados de UltraHD ou posteriores<\/p><\/div><\/div><\/div>[vc_separator type=&#8221;transparent&#8221; up=&#8221;26&#8243; down=&#8221;24&#8243;][\/vc_column_inner][vc_column_inner width=&#8221;1\/2&#8243;][vc_separator type=&#8221;transparent&#8221; up=&#8221;26&#8243; down=&#8221;24&#8243;][\/vc_column_inner][\/vc_row_inner][\/vc_column][\/vc_row][vc_row css_animation=&#8221;&#8221; row_type=&#8221;row&#8221; use_row_as_full_screen_section=&#8221;no&#8221; type=&#8221;full_width&#8221; anchor=&#8221;gallery&#8221; angled_section=&#8221;no&#8221; text_align=&#8221;left&#8221; background_image_as_pattern=&#8221;without_pattern&#8221; background_color=&#8221;#ffffff&#8221;][vc_column][vc_gallery type=&#8221;image_grid&#8221; images=&#8221;16687,16741,16686,16689&#8243; img_size=&#8221;600&#215;600&#8243; column_number=&#8221;4&#8243; grayscale=&#8221;yes&#8221; images_space=&#8221;gallery_without_space&#8221;][\/vc_column][\/vc_row][vc_row css_animation=&#8221;&#8221; row_type=&#8221;row&#8221; use_row_as_full_screen_section=&#8221;no&#8221; type=&#8221;grid&#8221; anchor=&#8221;portfolio&#8221; angled_section=&#8221;no&#8221; text_align=&#8221;left&#8221; background_image_as_pattern=&#8221;without_pattern&#8221; background_color=&#8221;#ffffff&#8221; padding_top=&#8221;52&#8243; padding_bottom=&#8221;0&#8243;][vc_column][vc_column_text]<\/p>\n<h2 style=\"text-align: center\">PARCEIROS<\/h2>\n<p>[\/vc_column_text][vc_separator type=&#8221;small&#8221; position=&#8221;center&#8221; up=&#8221;20&#8243; down=&#8221;45&#8243;][\/vc_column][\/vc_row][vc_row css_animation=&#8221;&#8221; row_type=&#8221;row&#8221; use_row_as_full_screen_section=&#8221;no&#8221; type=&#8221;grid&#8221; angled_section=&#8221;no&#8221; text_align=&#8221;left&#8221; background_image_as_pattern=&#8221;without_pattern&#8221; background_color=&#8221;#ffffff&#8221; padding_top=&#8221;46&#8243; padding_bottom=&#8221;49&#8243;][vc_column]<div class='qode_carousels_holder clearfix'><div class='qode_carousels' data-number-of-visible-items=''><ul class='slides'><li class='item'><div class=\"carousel_item_holder\"><a itemprop='url' href='https:\/\/www.alticelabs.com\/pt\/' target='_blank'><span class='first_image_holder has_hover_image'><img itemprop=\"image\" src=\"https:\/\/www.alticelabs.com\/site\/ultratv\/wp-content\/uploads\/sites\/11\/2018\/07\/Alticelabs_cinza.png\" alt=\"carousel image\" \/><\/span><span class='second_image_holder has_hover_image'><img itemprop=\"image\" src=\"https:\/\/www.alticelabs.com\/site\/ultratv\/wp-content\/uploads\/sites\/11\/2018\/07\/Alticelabs_cor.png\" alt=\"carousel image\" \/><\/span><\/a><\/div><\/li><li class='item'><div class=\"carousel_item_holder\"><a itemprop='url' href='https:\/\/www.ua.pt' target='_blank'><span class='first_image_holder has_hover_image'><img itemprop=\"image\" src=\"https:\/\/www.alticelabs.com\/site\/ultratv\/wp-content\/uploads\/sites\/11\/2017\/04\/UA_cinza2.png\" alt=\"carousel image\" \/><\/span><span class='second_image_holder has_hover_image'><img itemprop=\"image\" src=\"https:\/\/www.alticelabs.com\/site\/ultratv\/wp-content\/uploads\/sites\/11\/2017\/04\/UA_cor2.png\" alt=\"carousel image\" \/><\/span><\/a><\/div><\/li><li class='item'><div class=\"carousel_item_holder\"><a itemprop='url' href='https:\/\/www.it.pt\/' target='_blank'><span class='first_image_holder has_hover_image'><img itemprop=\"image\" src=\"https:\/\/www.alticelabs.com\/site\/ultratv\/wp-content\/uploads\/sites\/11\/2017\/04\/IT_cinza2.png\" alt=\"carousel image\" \/><\/span><span class='second_image_holder has_hover_image'><img itemprop=\"image\" src=\"https:\/\/www.alticelabs.com\/site\/ultratv\/wp-content\/uploads\/sites\/11\/2017\/04\/IT_cor2.png\" alt=\"carousel image\" \/><\/span><\/a><\/div><\/li><\/ul><\/div><\/div>[\/vc_column][\/vc_row][vc_row css_animation=&#8221;&#8221; row_type=&#8221;row&#8221; use_row_as_full_screen_section=&#8221;no&#8221; type=&#8221;full_width&#8221; anchor=&#8221;portfolio&#8221; angled_section=&#8221;no&#8221; text_align=&#8221;left&#8221; background_image_as_pattern=&#8221;without_pattern&#8221; background_color=&#8221;#ffffff&#8221; border_color=&#8221;#eeeeee&#8221; padding_top=&#8221;80&#8243; padding_bottom=&#8221;0&#8243;][vc_column][\/vc_column][\/vc_row][vc_row css_animation=&#8221;&#8221; row_type=&#8221;row&#8221; use_row_as_full_screen_section=&#8221;yes&#8221; type=&#8221;full_width&#8221; angled_section=&#8221;no&#8221; text_align=&#8221;center&#8221; background_image_as_pattern=&#8221;without_pattern&#8221; background_color=&#8221;#ffffff&#8221;][vc_column][vc_single_image image=&#8221;16991&#8243; img_size=&#8221;large&#8221; alignment=&#8221;center&#8221; qode_css_animation=&#8221;&#8221;][\/vc_column][\/vc_row]<\/p>\n","protected":false},"excerpt":{"rendered":"<p>[vc_row css_animation=&#8221;&#8221; row_type=&#8221;row&#8221; use_row_as_full_screen_section=&#8221;no&#8221; type=&#8221;grid&#8221; anchor=&#8221;portfolio&#8221; angled_section=&#8221;no&#8221; text_align=&#8221;left&#8221; background_image_as_pattern=&#8221;without_pattern&#8221; background_color=&#8221;#ffffff&#8221; padding_top=&#8221;50&#8243; padding_bottom=&#8221;50&#8243;][vc_column width=&#8221;1\/2&#8243;][vc_single_image image=&#8221;16472&#8243; img_size=&#8221;full&#8221; alignment=&#8221;center&#8221; qode_css_animation=&#8221;element_from_left&#8221; transition_delay=&#8221;0.3&#8243;][\/vc_column][vc_column width=&#8221;1\/2&#8243;][vc_row_inner row_type=&#8221;row&#8221; type=&#8221;full_width&#8221; text_align=&#8221;center&#8221; css_animation=&#8221;&#8221;][vc_column_inner][vc_column_text] MISS\u00c3O [\/vc_column_text][vc_separator type=&#8221;small&#8221; position=&#8221;center&#8221; up=&#8221;7&#8243; down=&#8221;38&#8243;][vc_column_text] Com este projeto, a Altice Labs e os seus parceiros de cons\u00f3rcio, Instituto de Telecomunica\u00e7\u00f5es de&#8230;<\/p>\n","protected":false},"author":74,"featured_media":0,"parent":0,"menu_order":0,"comment_status":"closed","ping_status":"closed","template":"full_width.php","meta":[],"_links":{"self":[{"href":"https:\/\/www.alticelabs.com\/site\/ultratv\/wp-json\/wp\/v2\/pages\/14468"}],"collection":[{"href":"https:\/\/www.alticelabs.com\/site\/ultratv\/wp-json\/wp\/v2\/pages"}],"about":[{"href":"https:\/\/www.alticelabs.com\/site\/ultratv\/wp-json\/wp\/v2\/types\/page"}],"author":[{"embeddable":true,"href":"https:\/\/www.alticelabs.com\/site\/ultratv\/wp-json\/wp\/v2\/users\/74"}],"replies":[{"embeddable":true,"href":"https:\/\/www.alticelabs.com\/site\/ultratv\/wp-json\/wp\/v2\/comments?post=14468"}],"version-history":[{"count":89,"href":"https:\/\/www.alticelabs.com\/site\/ultratv\/wp-json\/wp\/v2\/pages\/14468\/revisions"}],"predecessor-version":[{"id":17328,"href":"https:\/\/www.alticelabs.com\/site\/ultratv\/wp-json\/wp\/v2\/pages\/14468\/revisions\/17328"}],"wp:attachment":[{"href":"https:\/\/www.alticelabs.com\/site\/ultratv\/wp-json\/wp\/v2\/media?parent=14468"}],"curies":[{"name":"wp","href":"https:\/\/api.w.org\/{rel}","templated":true}]}}