{"id":31,"date":"2017-05-02T16:02:19","date_gmt":"2017-05-02T16:02:19","guid":{"rendered":"https:\/\/www.alticelabs.com\/site\/alticelabsua\/?page_id=31"},"modified":"2022-02-11T17:04:15","modified_gmt":"2022-02-11T17:04:15","slug":"pessoas","status":"publish","type":"page","link":"https:\/\/www.alticelabs.com\/site\/alticelabsua\/pessoas\/","title":{"rendered":"Pessoas"},"content":{"rendered":"<div class=\"fusion-fullwidth fullwidth-box fusion-builder-row-1 nonhundred-percent-fullwidth non-hundred-percent-height-scrolling\" style=\"background-color: rgba(255,255,255,0);background-position: left top;background-repeat: no-repeat;padding-top:0px;padding-right:0px;padding-bottom:0px;padding-left:0px;margin-bottom: 60px;margin-top: 60px;border-width: 0px 0px 0px 0px;border-color:#e2e2e2;border-style:solid;\" ><div class=\"fusion-builder-row fusion-row\"><div class=\"fusion-layout-column fusion_builder_column fusion-builder-column-0 fusion_builder_column_1_1 1_1 fusion-one-full fusion-column-first fusion-column-last\" style=\"margin-top:0px;margin-bottom:60px;\"><div class=\"fusion-column-wrapper fusion-flex-column-wrapper-legacy\" style=\"background-position:left top;background-repeat:no-repeat;-webkit-background-size:cover;-moz-background-size:cover;-o-background-size:cover;background-size:cover;padding: 0px 0px 0px 0px;\"><div class=\"fusion-text fusion-text-1\"><h1 style=\"text-align: center\">Pessoas<\/h1>\n<\/div><div class=\"fusion-sep-clear\"><\/div><div class=\"fusion-separator title-divider\" style=\"margin-left: auto;margin-right: auto;margin-top:0px;margin-bottom:30px;width:100%;max-width:7%;\"><div class=\"fusion-separator-border sep-single sep-solid\" style=\"border-color:#007be9;border-top-width:5px;\"><\/div><\/div><div class=\"fusion-sep-clear\"><\/div><div class=\"fusion-sep-clear\"><\/div><div class=\"fusion-separator fusion-full-width-sep\" style=\"margin-left: auto;margin-right: auto;margin-top:10px;margin-bottom:10px;width:100%;\"><\/div><div class=\"fusion-sep-clear\"><\/div><p class=\"intro\">O laborat\u00f3rio AlticeLabs@UA \u00e9 coordenado cientificamente pela Universidade de Aveiro e pela Altice Labs, atrav\u00e9s de uma comiss\u00e3o de acompanhamento que define as linhas estrat\u00e9gicas e cient\u00edficas a desenvolver neste contexto. Esta comiss\u00e3o garante, igualmente, a coordena\u00e7\u00e3o t\u00e9cnica e a gest\u00e3o operacional do laborat\u00f3rio.<\/p><div class=\"fusion-clearfix\"><\/div><\/div><\/div><div class=\"fusion-layout-column fusion_builder_column fusion-builder-column-1 fusion_builder_column_1_1 1_1 fusion-one-full fusion-column-first fusion-column-last\" style=\"margin-top:0px;margin-bottom:20px;\"><div class=\"fusion-column-wrapper fusion-flex-column-wrapper-legacy\" style=\"background-position:left top;background-repeat:no-repeat;-webkit-background-size:cover;-moz-background-size:cover;-o-background-size:cover;background-size:cover;padding: 0px 0px 0px 0px;\"><div class=\"fusion-text fusion-text-2\"><h2 style=\"text-align: center\">Coordena\u00e7\u00e3o Cient\u00edfica, T\u00e9cnica e Gest\u00e3o Operacional<\/h2>\n<\/div><div class=\"fusion-sep-clear\"><\/div><div class=\"fusion-separator fusion-full-width-sep\" style=\"margin-left: auto;margin-right: auto;margin-top:10px;margin-bottom:10px;width:100%;\"><\/div><div class=\"fusion-sep-clear\"><\/div><div class=\"fusion-clearfix\"><\/div><\/div><\/div><div class=\"fusion-layout-column fusion_builder_column fusion-builder-column-2 fusion_builder_column_1_2 1_2 fusion-one-half fusion-column-first person-biography\" style=\"width:48%; margin-right: 4%;margin-top:0px;margin-bottom:20px;\"><div class=\"fusion-column-wrapper fusion-flex-column-wrapper-legacy\" style=\"background-position:left top;background-repeat:no-repeat;-webkit-background-size:cover;-moz-background-size:cover;-o-background-size:cover;background-size:cover;padding: 0px 0px 0px 0px;\"><span class=\" fusion-imageframe imageframe-none imageframe-1 hover-type-none\" style=\"margin-right:25px;float:left;\"><img width=\"100\" height=\"100\" alt=\"Jorge Ferraz de Abreu\" title=\"foto_jorgeabreu\" src=\"https:\/\/www.alticelabs.com\/site\/alticelabsua\/wp-content\/uploads\/sites\/12\/2017\/05\/foto_jorgeabreu-1.png\" class=\"img-responsive wp-image-748\"\/><\/span><div class=\"fusion-text fusion-text-3\"><h3>Jorge Ferraz de Abreu<\/h3>\n<\/div><div class=\"fusion-text fusion-text-4\"><p><a href=\"mailto:jfa@ua.pt\">jfa@ua.pt<\/a><br \/>\n<em>Coordenador cient\u00edfico do laborat\u00f3rio<\/em><\/p>\n<\/div><div class=\"fusion-sep-clear\"><\/div><div class=\"fusion-separator fusion-full-width-sep\" style=\"margin-left: auto;margin-right: auto;margin-top:0px;margin-bottom:0px;width:100%;\"><\/div><div class=\"fusion-sep-clear\"><\/div><div class=\"fusion-text fusion-text-5\"><p>Professor Associado com Agrega\u00e7\u00e3o no Departamento de Comunica\u00e7\u00e3o e Arte da Universidade de Aveiro.<br \/>\nAp\u00f3s a sua licenciatura e mestrado em Eletr\u00f3nica e Telecomunica\u00e7\u00f5es e a sua participa\u00e7\u00e3o em v\u00e1rios\u00a0projetos europeus ingressa no Departamento de Comunica\u00e7\u00e3o e Arte,\u00a0onde\u00a0concluiu o seu Doutoramento em\u00a0Ci\u00eancias e Tecnologias de Comunica\u00e7\u00e3o.<br \/>\n\u00c9 Professor no\u00a0Curso de Novas Tecnologias de Comunica\u00e7\u00e3o, no Mestrado em Comunica\u00e7\u00e3o Multim\u00e9dia e no Programa Doutoral em Informa\u00e7\u00e3o e\u00a0Comunica\u00e7\u00e3o em Plataformas Digitais.<br \/>\nComo membro da unidade de investiga\u00e7\u00e3o DigiMedia tem sido\u00a0Coordenador cient\u00edfico de diversos projetos de investiga\u00e7\u00e3o na\u00a0\u00e1rea de TV interactiva.<\/p>\n<\/div><div class=\"fusion-clearfix\"><\/div><\/div><\/div><div class=\"fusion-layout-column fusion_builder_column fusion-builder-column-3 fusion_builder_column_1_2 1_2 fusion-one-half fusion-column-last person-biography\" style=\"width:48%;margin-top:0px;margin-bottom:20px;\"><div class=\"fusion-column-wrapper fusion-flex-column-wrapper-legacy\" style=\"background-position:left top;background-repeat:no-repeat;-webkit-background-size:cover;-moz-background-size:cover;-o-background-size:cover;background-size:cover;padding: 0px 0px 0px 0px;\"><span class=\" fusion-imageframe imageframe-none imageframe-2 hover-type-none\" style=\"margin-right:25px;float:left;\"><img width=\"100\" height=\"100\" alt=\"H\u00e9lder Caixinha\" title=\"foto_helderCaixinha\" src=\"https:\/\/www.alticelabs.com\/site\/alticelabsua\/wp-content\/uploads\/sites\/12\/2022\/02\/foto_helderCaixinha.png\" class=\"img-responsive wp-image-1044\"\/><\/span><div class=\"fusion-text fusion-text-6\"><h3>H\u00e9lder Jos\u00e9 Marques Caixinha<\/h3>\n<\/div><div class=\"fusion-text fusion-text-7\"><p><a href=\"mailto:caixinha@ua.pt\">caixinha@ua.pt<\/a><br \/>\n<em>Coordenador t\u00e9cnico e de gest\u00e3o operacional<\/em><\/p>\n<\/div><div class=\"fusion-sep-clear\"><\/div><div class=\"fusion-separator fusion-full-width-sep\" style=\"margin-left: auto;margin-right: auto;margin-top:0px;margin-bottom:0px;width:100%;\"><\/div><div class=\"fusion-sep-clear\"><\/div><div class=\"fusion-text fusion-text-8\"><p>Professor Auxiliar no Departamento de Comunica\u00e7\u00e3o e Arte da Universidade de Aveiro.<br \/>\nLicenciado em Engenharia Eletr\u00f3nica e Telecomunica\u00e7\u00f5es, com um Mestrado em Gest\u00e3o da Informa\u00e7\u00e3o e um Doutoramento em Multim\u00e9dia em Educa\u00e7\u00e3o, pela Universidade de Aveiro.<br \/>\n\u00c9 Professor na Licenciatura em Novas Tecnologias da Comunica\u00e7\u00e3o e no Mestrado em Comunica\u00e7\u00e3o Audiovisual para Novos M\u00e9dia, onde assume tamb\u00e9m o papel de Vice-Diretor.<br \/>\nMembro da Unidade de investiga\u00e7\u00e3o DigiMedia, com participa\u00e7\u00e3o nos grupos Games &amp; Transmedia e Social Media &amp; Learning.<br \/>\nTem colaborado em diversos projetos de investiga\u00e7\u00e3o, nacionais e internacionais, na \u00e1rea do Technology-Enhanced Learning\/Research.<\/p>\n<\/div><div class=\"fusion-clearfix\"><\/div><\/div><\/div><div class=\"fusion-layout-column fusion_builder_column fusion-builder-column-4 fusion_builder_column_1_1 1_1 fusion-one-full fusion-column-first fusion-column-last\" style=\"margin-top:0px;margin-bottom:20px;\"><div class=\"fusion-column-wrapper fusion-flex-column-wrapper-legacy\" style=\"background-position:left top;background-repeat:no-repeat;-webkit-background-size:cover;-moz-background-size:cover;-o-background-size:cover;background-size:cover;padding: 0px 0px 0px 0px;\"><div class=\"fusion-sep-clear\"><\/div><div class=\"fusion-separator fusion-full-width-sep\" style=\"margin-left: auto;margin-right: auto;margin-top:10px;margin-bottom:10px;width:100%;\"><\/div><div class=\"fusion-sep-clear\"><\/div><div class=\"fusion-clearfix\"><\/div><\/div><\/div><div class=\"fusion-layout-column fusion_builder_column fusion-builder-column-5 fusion_builder_column_1_2 1_2 fusion-one-half fusion-column-first person-biography\" style=\"width:48%; margin-right: 4%;margin-top:0px;margin-bottom:20px;\"><div class=\"fusion-column-wrapper fusion-flex-column-wrapper-legacy\" style=\"background-position:left top;background-repeat:no-repeat;-webkit-background-size:cover;-moz-background-size:cover;-o-background-size:cover;background-size:cover;padding: 0px 0px 0px 0px;\"><span class=\" fusion-imageframe imageframe-none imageframe-3 hover-type-none\" style=\"margin-right:25px;float:left;\"><img width=\"100\" height=\"100\" alt=\"Pedro Carvalho\" title=\"foto_pedrocarvalho\" src=\"https:\/\/www.alticelabs.com\/site\/alticelabsua\/wp-content\/uploads\/sites\/12\/2017\/05\/foto_pedrocarvalho.png\" class=\"img-responsive wp-image-410\"\/><\/span><div class=\"fusion-text fusion-text-9\"><h3>Pedro Carvalho<\/h3>\n<\/div><div class=\"fusion-text fusion-text-10\"><p><a href=\"mailto:PCarv@alticelabs.com\">PCarv@alticelabs.com<\/a><br \/>\n<em>Coordenador cient\u00edfico<\/em><\/p>\n<\/div><div class=\"fusion-sep-clear\"><\/div><div class=\"fusion-separator fusion-full-width-sep\" style=\"margin-left: auto;margin-right: auto;margin-top:0px;margin-bottom:0px;width:100%;\"><\/div><div class=\"fusion-sep-clear\"><\/div><div class=\"fusion-text fusion-text-11\"><p>Licenciado em Engenharia Eletr\u00f3nica e de Telecomunica\u00e7\u00f5es pela Universidade de Aveiro em 1986, Mestre em Engenharia Eletr\u00f3nica e de Telecomunica\u00e7\u00f5es pela Universidade de Aveiro em 1998 e p\u00f3s graduado em Gest\u00e3o de Empresas pela Universidade Cat\u00f3lica Portuguesa, em 2005.<br \/>\nQuadro da Altice Labs (antes PT Inova\u00e7\u00e3o) desde 1988, \u00e9 atualmente respons\u00e1vel pela gest\u00e3o da IDI (Investiga\u00e7\u00e3o Desenvolvimento e Inova\u00e7\u00e3o) da Altice Labs.<\/p>\n<\/div><div class=\"fusion-clearfix\"><\/div><\/div><\/div><div class=\"fusion-layout-column fusion_builder_column fusion-builder-column-6 fusion_builder_column_1_2 1_2 fusion-one-half fusion-column-last person-biography\" style=\"width:48%;margin-top:0px;margin-bottom:20px;\"><div class=\"fusion-column-wrapper fusion-flex-column-wrapper-legacy\" style=\"background-position:left top;background-repeat:no-repeat;-webkit-background-size:cover;-moz-background-size:cover;-o-background-size:cover;background-size:cover;padding: 0px 0px 0px 0px;\"><span class=\" fusion-imageframe imageframe-none imageframe-4 hover-type-none\" style=\"margin-right:25px;float:left;\"><img width=\"100\" height=\"100\" alt=\"Jo\u00e3o Paulo Firmeza\" title=\"foto_joaoPauloFirmeza\" src=\"https:\/\/www.alticelabs.com\/site\/alticelabsua\/wp-content\/uploads\/sites\/12\/2022\/02\/foto_joaoPauloFirmeza-1.png\" class=\"img-responsive wp-image-1045\"\/><\/span><div class=\"fusion-text fusion-text-12\"><h3>Jo\u00e3o Paulo Firmeza<\/h3>\n<\/div><div class=\"fusion-text fusion-text-13\"><p><a href=\"mailto:PFirmeza@alticelabs.com\">PFirmeza@alticelabs.com<\/a><br \/>\n<em>Coordenador t\u00e9cnico e de gest\u00e3o operacional<\/em><\/p>\n<\/div><div class=\"fusion-sep-clear\"><\/div><div class=\"fusion-separator fusion-full-width-sep\" style=\"margin-left: auto;margin-right: auto;margin-top:0px;margin-bottom:0px;width:100%;\"><\/div><div class=\"fusion-sep-clear\"><\/div><div class=\"fusion-text fusion-text-14\"><p>Gestor com mais de 30 anos de experi\u00eancia profissional nos setores de Telecomunica\u00e7\u00f5es e TI, e forte experi\u00eancia em gest\u00e3o executiva, estrat\u00e9gia e desenvolvimento de neg\u00f3cios e desenvolvimento de produtos. Atualmente, \u00e9 o respons\u00e1vel pelo departamento de Digital, Internet e TV da Altice Labs.<\/p>\n<\/div><div class=\"fusion-clearfix\"><\/div><\/div><\/div><div class=\"fusion-layout-column fusion_builder_column fusion-builder-column-7 fusion_builder_column_1_1 1_1 fusion-one-full fusion-column-first fusion-column-last\" style=\"margin-top:0px;margin-bottom:20px;\"><div class=\"fusion-column-wrapper fusion-flex-column-wrapper-legacy\" style=\"background-position:left top;background-repeat:no-repeat;-webkit-background-size:cover;-moz-background-size:cover;-o-background-size:cover;background-size:cover;padding: 0px 0px 0px 0px;\"><div class=\"fusion-sep-clear\"><\/div><div class=\"fusion-separator fusion-full-width-sep\" style=\"margin-left: auto;margin-right: auto;margin-top:40px;margin-bottom:60px;width:100%;\"><div class=\"fusion-separator-border sep-single sep-solid\" style=\"border-color:#cccccc;border-top-width:1px;\"><\/div><\/div><div class=\"fusion-sep-clear\"><\/div><div class=\"fusion-clearfix\"><\/div><\/div><\/div><div class=\"fusion-layout-column fusion_builder_column fusion-builder-column-8 fusion_builder_column_1_1 1_1 fusion-one-full fusion-column-first fusion-column-last\" style=\"margin-top:0px;margin-bottom:20px;\"><div class=\"fusion-column-wrapper fusion-flex-column-wrapper-legacy\" style=\"background-position:left top;background-repeat:no-repeat;-webkit-background-size:cover;-moz-background-size:cover;-o-background-size:cover;background-size:cover;padding: 0px 0px 0px 0px;\"><div class=\"fusion-text fusion-text-15\"><h2 style=\"text-align: center\">Investigadores Respons\u00e1veis de Projetos<\/h2>\n<\/div><div class=\"fusion-sep-clear\"><\/div><div class=\"fusion-separator fusion-full-width-sep\" style=\"margin-left: auto;margin-right: auto;margin-top:10px;margin-bottom:10px;width:100%;\"><\/div><div class=\"fusion-sep-clear\"><\/div><div class=\"fusion-clearfix\"><\/div><\/div><\/div><div class=\"fusion-layout-column fusion_builder_column fusion-builder-column-9 fusion_builder_column_1_2 1_2 fusion-one-half fusion-column-first person-biography\" style=\"width:48%; margin-right: 4%;margin-top:0px;margin-bottom:20px;\"><div class=\"fusion-column-wrapper fusion-flex-column-wrapper-legacy\" style=\"background-position:left top;background-repeat:no-repeat;-webkit-background-size:cover;-moz-background-size:cover;-o-background-size:cover;background-size:cover;padding: 0px 0px 0px 0px;\"><span class=\" fusion-imageframe imageframe-none imageframe-5 hover-type-none\" style=\"margin-right:25px;float:left;\"><img width=\"100\" height=\"100\" alt=\"Carlos Santos\" title=\"foto_carlossantos\" src=\"https:\/\/www.alticelabs.com\/site\/alticelabsua\/wp-content\/uploads\/sites\/12\/2017\/05\/foto_carlossantos-1.png\" class=\"img-responsive wp-image-750\"\/><\/span><div class=\"fusion-text fusion-text-16\"><h3>Carlos Santos<\/h3>\n<\/div><div class=\"fusion-text fusion-text-17\"><p><a href=\"mailto:carlossantos@ua.pt\">carlossantos@ua.pt<\/a><\/p>\n<\/div><div class=\"fusion-sep-clear\"><\/div><div class=\"fusion-separator fusion-full-width-sep\" style=\"margin-left: auto;margin-right: auto;margin-top:20px;margin-bottom:0px;width:100%;\"><\/div><div class=\"fusion-sep-clear\"><\/div><div class=\"fusion-text fusion-text-18\"><p>Professor Auxiliar no Departamento de Comunica\u00e7\u00e3o e Arte da Universidade de Aveiro, licenciado e mestre em Engenharia de Electr\u00f3nica e Telecomunica\u00e7\u00f5es e com Doutoramento em Informa\u00e7\u00e3o e Comunica\u00e7\u00e3o em Plataformas Digitais pela Universidade de Aveiro e Universidade do Porto.<br \/>\nProfessor na Licenciatura de Novas Tecnologias de\u00a0Comunica\u00e7\u00e3o, no Mestrado em Comunica\u00e7\u00e3o Multim\u00e9dia e no Programa Doutoral em Multim\u00e9dia em Educa\u00e7\u00e3o.<br \/>\nCoordenador executivo do SAPO Labs na Universidade de Aveiro (actual AlticeLabs@UA) de 2008 a 2016.<br \/>\nCom principais interesses de investiga\u00e7\u00e3o na utiliza\u00e7\u00e3o da tecnologia em contextos educativos e redes sociais.<br \/>\n\u00c9 coordenador do projeto SAPO Campus e coordenador da solu\u00e7\u00e3o tecnol\u00f3gica para para plataforma Global Portuguese Scientists.<\/p>\n<\/div><div class=\"fusion-clearfix\"><\/div><\/div><\/div><div class=\"fusion-layout-column fusion_builder_column fusion-builder-column-10 fusion_builder_column_1_2 1_2 fusion-one-half fusion-column-last person-biography\" style=\"width:48%;margin-top:0px;margin-bottom:20px;\"><div class=\"fusion-column-wrapper fusion-flex-column-wrapper-legacy\" style=\"background-position:left top;background-repeat:no-repeat;-webkit-background-size:cover;-moz-background-size:cover;-o-background-size:cover;background-size:cover;padding: 0px 0px 0px 0px;\"><span class=\" fusion-imageframe imageframe-none imageframe-6 hover-type-none\" style=\"margin-right:25px;float:left;\"><img width=\"100\" height=\"100\" title=\"foto_pedroalmeida\" src=\"https:\/\/www.alticelabs.com\/site\/alticelabsua\/wp-content\/uploads\/sites\/12\/2019\/06\/foto_pedroalmeida.png\" alt class=\"img-responsive wp-image-899\"\/><\/span><div class=\"fusion-text fusion-text-19\"><h3>Pedro Almeida<\/h3>\n<\/div><div class=\"fusion-text fusion-text-20\"><p><a href=\"mailto:almeida@ua.pt\">almeida@ua.pt<\/a><\/p>\n<\/div><div class=\"fusion-sep-clear\"><\/div><div class=\"fusion-separator fusion-full-width-sep\" style=\"margin-left: auto;margin-right: auto;margin-top:20px;margin-bottom:0px;width:100%;\"><\/div><div class=\"fusion-sep-clear\"><\/div><div class=\"fusion-text fusion-text-21\"><p>Licenciado em Novas Tecnologias da Comunica\u00e7\u00e3o pela Universidade de Aveiro e doutorado pela mesma universidade em Ci\u00eancias e Tecnologias da Comunica\u00e7\u00e3o. \u00c9 docente e orientador no Departamento de Comunica\u00e7\u00e3o e Arte na licenciatura em Novas Tecnologias da Comunica\u00e7\u00e3o, no Mestrado em Comunica\u00e7\u00e3o Multim\u00e9dia e nos Programas Doutorais em Informa\u00e7\u00e3o e Comunica\u00e7\u00e3o em Plataformas Digitais e Multim\u00e9dia em Educa\u00e7\u00e3o.<br \/>\nComo membro da Unidade de Investiga\u00e7\u00e3o Digimedia desenvolve a sua investiga\u00e7\u00e3o no desenho de novos servi\u00e7os de suporte \u00a0ao entretenimento e cria\u00e7\u00e3o de conte\u00fados (crossmedia e transmedia) para os novos media.\u00a0 Tem sido respons\u00e1vel por v\u00e1rios projetos na \u00e1rea da Televis\u00e3o Interativa (Social) contribuindo para a compreens\u00e3o e redesenho do novo ecossistema de consumo televisivo.<\/p>\n<\/div><div class=\"fusion-clearfix\"><\/div><\/div><\/div><div class=\"fusion-layout-column fusion_builder_column fusion-builder-column-11 fusion_builder_column_1_1 1_1 fusion-one-full fusion-column-first fusion-column-last\" style=\"margin-top:0px;margin-bottom:20px;\"><div class=\"fusion-column-wrapper fusion-flex-column-wrapper-legacy\" style=\"background-position:left top;background-repeat:no-repeat;-webkit-background-size:cover;-moz-background-size:cover;-o-background-size:cover;background-size:cover;padding: 0px 0px 0px 0px;\"><div class=\"fusion-sep-clear\"><\/div><div class=\"fusion-separator fusion-full-width-sep\" style=\"margin-left: auto;margin-right: auto;margin-top:20px;margin-bottom:20px;width:100%;\"><\/div><div class=\"fusion-sep-clear\"><\/div><div class=\"fusion-clearfix\"><\/div><\/div><\/div><div class=\"fusion-layout-column fusion_builder_column fusion-builder-column-12 fusion_builder_column_1_2 1_2 fusion-one-half fusion-column-first person-biography\" style=\"width:48%; margin-right: 4%;margin-top:0px;margin-bottom:20px;\"><div class=\"fusion-column-wrapper fusion-flex-column-wrapper-legacy\" style=\"background-position:left top;background-repeat:no-repeat;-webkit-background-size:cover;-moz-background-size:cover;-o-background-size:cover;background-size:cover;padding: 0px 0px 0px 0px;\"><span class=\" fusion-imageframe imageframe-none imageframe-7 hover-type-none\" style=\"margin-right:25px;float:left;\"><img width=\"100\" height=\"100\" alt=\"Rita Santos\" title=\"foto_ritasantos\" src=\"https:\/\/www.alticelabs.com\/site\/alticelabsua\/wp-content\/uploads\/sites\/12\/2017\/05\/foto_ritasantos.png\" class=\"img-responsive wp-image-752\"\/><\/span><div class=\"fusion-text fusion-text-22\"><h3>Rita Santos<\/h3>\n<\/div><div class=\"fusion-text fusion-text-23\"><p><a href=\"mailto:rita.santos@ua.pt\">rita.santos@ua.pt<\/a><\/p>\n<\/div><div class=\"fusion-sep-clear\"><\/div><div class=\"fusion-separator fusion-full-width-sep\" style=\"margin-left: auto;margin-right: auto;margin-top:20px;margin-bottom:0px;width:100%;\"><\/div><div class=\"fusion-sep-clear\"><\/div><div class=\"fusion-text fusion-text-24\"><p>Rita Santos \u00e9 docente na Escola Superior de Tecnologia e Gest\u00e3o de \u00c1gueda, Universidade de Aveiro, nas \u00e1reas de Intera\u00e7\u00e3o Humano-Computador, Web Design, Gest\u00e3o de Requisitos e Projetos e Desenvolvimento Web.<br \/>\n\u00c9 membro da unidade de investiga\u00e7\u00e3o Digimedia (CIC. Digital).<br \/>\nOs seus interesses de investiga\u00e7\u00e3o est\u00e3o atualmente centrados na conce\u00e7\u00e3o e desenvolvimento de tecnologias para promo\u00e7\u00e3o da qualidade de vida e bem-estar.<br \/>\nEst\u00e1 atualmente a coordenar o projeto VoluntAge4Seniors, uma aplica\u00e7\u00e3o para televis\u00e3o que permite que os seniores solicitem apoio a um grupo de volunt\u00e1rios em tarefas espec\u00edficas.<\/p>\n<\/div><div class=\"fusion-clearfix\"><\/div><\/div><\/div><div class=\"fusion-layout-column fusion_builder_column fusion-builder-column-13 fusion_builder_column_1_2 1_2 fusion-one-half fusion-column-last person-biography\" style=\"width:48%;margin-top:0px;margin-bottom:20px;\"><div class=\"fusion-column-wrapper fusion-flex-column-wrapper-legacy\" style=\"background-position:left top;background-repeat:no-repeat;-webkit-background-size:cover;-moz-background-size:cover;-o-background-size:cover;background-size:cover;padding: 0px 0px 0px 0px;\"><span class=\" fusion-imageframe imageframe-none imageframe-8 hover-type-none\" style=\"margin-right:25px;float:left;\"><img width=\"100\" height=\"100\" title=\"foto_telmosilva\" src=\"https:\/\/www.alticelabs.com\/site\/alticelabsua\/wp-content\/uploads\/sites\/12\/2019\/06\/foto_telmosilva.png\" alt class=\"img-responsive wp-image-900\"\/><\/span><div class=\"fusion-text fusion-text-25\"><h3>Telmo Silva<\/h3>\n<\/div><div class=\"fusion-text fusion-text-26\"><p><a href=\"mailto:tsilva@ua.pt\">tsilva@ua.pt<\/a><\/p>\n<\/div><div class=\"fusion-sep-clear\"><\/div><div class=\"fusion-separator fusion-full-width-sep\" style=\"margin-left: auto;margin-right: auto;margin-top:20px;margin-bottom:0px;width:100%;\"><\/div><div class=\"fusion-sep-clear\"><\/div><div class=\"fusion-text fusion-text-27\"><p>\u00c9 Doutorado em Informa\u00e7\u00e3o e Comunica\u00e7\u00e3o em Plataformas Digitais e, atualmente, \u00e9 Professor Auxiliar no Departamento de Comunica\u00e7\u00e3o e Arte da Universidade de Aveiro.<br \/>\nLeciona Unidades Curriculares na Licenciatura em Novas Tecnologias da Comunica\u00e7\u00e3o e no Mestrado em Comunica\u00e7\u00e3o Multim\u00e9dia. Foi investigador respons\u00e1vel do projeto +TV4E: A Televis\u00e3o Interativa como ve\u00edculo de difus\u00e3o de servi\u00e7os sociais para apoio aos seniores tendo tamb\u00e9m participado em outros projetos de investiga\u00e7\u00e3o com financiamento, dos quais se destacam: o UltraTV e o 2ndVision.<\/p>\n<\/div><div class=\"fusion-clearfix\"><\/div><\/div><\/div><\/div><\/div>\n","protected":false},"excerpt":{"rendered":"","protected":false},"author":65,"featured_media":0,"parent":0,"menu_order":0,"comment_status":"closed","ping_status":"closed","template":"100-width.php","meta":[],"_links":{"self":[{"href":"https:\/\/www.alticelabs.com\/site\/alticelabsua\/wp-json\/wp\/v2\/pages\/31"}],"collection":[{"href":"https:\/\/www.alticelabs.com\/site\/alticelabsua\/wp-json\/wp\/v2\/pages"}],"about":[{"href":"https:\/\/www.alticelabs.com\/site\/alticelabsua\/wp-json\/wp\/v2\/types\/page"}],"author":[{"embeddable":true,"href":"https:\/\/www.alticelabs.com\/site\/alticelabsua\/wp-json\/wp\/v2\/users\/65"}],"replies":[{"embeddable":true,"href":"https:\/\/www.alticelabs.com\/site\/alticelabsua\/wp-json\/wp\/v2\/comments?post=31"}],"version-history":[{"count":156,"href":"https:\/\/www.alticelabs.com\/site\/alticelabsua\/wp-json\/wp\/v2\/pages\/31\/revisions"}],"predecessor-version":[{"id":1052,"href":"https:\/\/www.alticelabs.com\/site\/alticelabsua\/wp-json\/wp\/v2\/pages\/31\/revisions\/1052"}],"wp:attachment":[{"href":"https:\/\/www.alticelabs.com\/site\/alticelabsua\/wp-json\/wp\/v2\/media?parent=31"}],"curies":[{"name":"wp","href":"https:\/\/api.w.org\/{rel}","templated":true}]}}