{"id":265,"date":"2017-07-14T09:34:11","date_gmt":"2017-07-14T09:34:11","guid":{"rendered":"https:\/\/www.alticelabs.com\/site\/alticelabsua\/?page_id=265"},"modified":"2022-03-15T17:37:03","modified_gmt":"2022-03-15T17:37:03","slug":"candidatura_academico","status":"publish","type":"page","link":"https:\/\/www.alticelabs.com\/site\/alticelabsua\/candidatura_academico\/","title":{"rendered":"Candidatura a Projeto Acad\u00e9mico"},"content":{"rendered":"<p><div class=\"fusion-fullwidth fullwidth-box fusion-builder-row-1 nonhundred-percent-fullwidth non-hundred-percent-height-scrolling\" style=\"background-color: rgba(255,255,255,0);background-position: left top;background-repeat: no-repeat;padding-top:0px;padding-right:0px;padding-bottom:0px;padding-left:0px;margin-top: 60px;border-width: 0px 0px 0px 0px;border-color:#e2e2e2;border-style:solid;\" ><div class=\"fusion-builder-row fusion-row\"><div class=\"fusion-layout-column fusion_builder_column fusion-builder-column-0 fusion_builder_column_1_1 1_1 fusion-one-full fusion-column-first fusion-column-last\" style=\"margin-top:0px;margin-bottom:60px;\"><div class=\"fusion-column-wrapper fusion-flex-column-wrapper-legacy\" style=\"background-position:left top;background-repeat:no-repeat;-webkit-background-size:cover;-moz-background-size:cover;-o-background-size:cover;background-size:cover;padding: 0px 0px 0px 0px;\"><div class=\"fusion-text fusion-text-1\"><h1 style=\"text-align: center\">Projetos Acad\u00e9micos<\/h1>\n<\/div><div class=\"fusion-sep-clear\"><\/div><div class=\"fusion-separator title-divider\" style=\"margin-left: auto;margin-right: auto;margin-top:0px;margin-bottom:30px;width:100%;max-width:7%;\"><div class=\"fusion-separator-border sep-single sep-solid\" style=\"border-color:#007be9;border-top-width:5px;\"><\/div><\/div><div class=\"fusion-sep-clear\"><\/div><p class=\"intro\">Se \u00e9s estudante de p\u00f3s-gradua\u00e7\u00e3o (mestrado, doutoramento ou p\u00f3s-doutoramento) de qualquer curso da Universidade de Aveiro e tens uma ideia para um projeto enquadrado numa das 6 \u00e1reas tem\u00e1ticas do laborat\u00f3rio, aproveita a oportunidade para obter apoio ao n\u00edvel de infraestruturas e know-how especializado.<\/p><div class=\"fusion-clearfix\"><\/div><\/div><\/div><div class=\"fusion-layout-column fusion_builder_column fusion-builder-column-1 fusion_builder_column_2_3 2_3 fusion-two-third fusion-column-first\" style=\"width:65.3333%; margin-right: 4%;margin-top:0px;margin-bottom:20px;\"><div class=\"fusion-column-wrapper fusion-flex-column-wrapper-legacy\" style=\"background-position:left top;background-repeat:no-repeat;-webkit-background-size:cover;-moz-background-size:cover;-o-background-size:cover;background-size:cover;padding: 0px 0px 0px 0px;\"><div class=\"fusion-text fusion-text-2\"><h2>Formul\u00e1rio de candidatura<\/h2>\n<\/div><div class=\"fusion-text fusion-text-3\"><div role=\"form\" class=\"wpcf7\" id=\"wpcf7-f890-o1\" lang=\"en-US\" dir=\"ltr\">\n<div class=\"screen-reader-response\"><p role=\"status\" aria-live=\"polite\" aria-atomic=\"true\"><\/p> <ul><\/ul><\/div>\n<form action=\"\/site\/alticelabsua\/wp-json\/wp\/v2\/pages\/265#wpcf7-f890-o1\" method=\"post\" class=\"wpcf7-form init\" enctype=\"multipart\/form-data\" novalidate=\"novalidate\" data-status=\"init\">\n<div style=\"display: none;\">\n<input type=\"hidden\" name=\"_wpcf7\" value=\"890\" \/>\n<input type=\"hidden\" name=\"_wpcf7_version\" value=\"5.5.3\" \/>\n<input type=\"hidden\" name=\"_wpcf7_locale\" value=\"en_US\" \/>\n<input type=\"hidden\" name=\"_wpcf7_unit_tag\" value=\"wpcf7-f890-o1\" \/>\n<input type=\"hidden\" name=\"_wpcf7_container_post\" value=\"0\" \/>\n<input type=\"hidden\" name=\"_wpcf7_posted_data_hash\" value=\"\" \/>\n<\/div>\n<p><label><b>IDENTIFICA\u00c7\u00c3O DO CANDIDATO<\/b><br \/>\n    <span class=\"wpcf7-form-control-wrap candidate-name\"><input type=\"text\" name=\"candidate-name\" value=\"\" size=\"40\" class=\"wpcf7-form-control wpcf7-text wpcf7-validates-as-required\" aria-required=\"true\" aria-invalid=\"false\" \/><\/span> <\/label><\/p>\n<p><label><b>EMAIL<\/b><br \/>\n    <span class=\"wpcf7-form-control-wrap candidate-email\"><input type=\"email\" name=\"candidate-email\" value=\"\" size=\"40\" class=\"wpcf7-form-control wpcf7-text wpcf7-email wpcf7-validates-as-required wpcf7-validates-as-email\" aria-required=\"true\" aria-invalid=\"false\" \/><\/span> <\/label><\/p>\n<p><label><b>T\u00cdTULO DO PROJETO<\/b><br \/>\n    <span class=\"wpcf7-form-control-wrap project-title\"><input type=\"text\" name=\"project-title\" value=\"\" size=\"40\" class=\"wpcf7-form-control wpcf7-text wpcf7-validates-as-required\" aria-required=\"true\" aria-invalid=\"false\" \/><\/span> <\/label><\/p>\n<p><label><b>TIPO DE PROJETO<\/b><\/label><br \/>\n<span class=\"wpcf7-form-control-wrap project-type\"><span class=\"wpcf7-form-control wpcf7-checkbox wpcf7-validates-as-required\"><span class=\"wpcf7-list-item first\"><label><input type=\"checkbox\" name=\"project-type[]\" value=\"Novo projeto proposto pelo candidato\" \/><span class=\"wpcf7-list-item-label\">Novo projeto proposto pelo candidato<\/span><\/label><\/span><span class=\"wpcf7-list-item last\"><label><input type=\"checkbox\" name=\"project-type[]\" value=\"Projeto com base numa proposta j\u00e1 existente\" \/><span class=\"wpcf7-list-item-label\">Projeto com base numa proposta j\u00e1 existente<\/span><\/label><\/span><\/span><\/span><\/p>\n<p><label><b>CURSO DE P\u00d3S-GRADUA\u00c7\u00c3O QUE FREQUENTA<\/b> <span class=\"info\">(optional)<br>Mestrado, doutoramento ou p\u00f3s-doutoramento.<\/span><br \/>\n    <span class=\"wpcf7-form-control-wrap graduation-course\"><input type=\"text\" name=\"graduation-course\" value=\"\" size=\"40\" class=\"wpcf7-form-control wpcf7-text\" aria-invalid=\"false\" \/><\/span> <\/label><\/p>\n<p><label><b>RESUMO<\/b> <span class=\"info\">(at\u00e9 100 palavras)<\/span><br \/>\n    <span class=\"wpcf7-form-control-wrap description\"><textarea name=\"description\" cols=\"40\" rows=\"10\" class=\"wpcf7-form-control wpcf7-textarea wpcf7-validates-as-required\" aria-required=\"true\" aria-invalid=\"false\"><\/textarea><\/span> <\/label><\/p>\n<p><label><b>JUSTIFICA\u00c7\u00c3O DO INTERESSE<\/b> <span class=\"info\">(at\u00e9 200 palavras)<br>Descrever oportunidade a endere\u00e7ar, aspetos inovadores ou problema a resolver.<\/span><br \/>\n    <span class=\"wpcf7-form-control-wrap interest-justification\"><textarea name=\"interest-justification\" cols=\"40\" rows=\"10\" class=\"wpcf7-form-control wpcf7-textarea wpcf7-validates-as-required\" aria-required=\"true\" aria-invalid=\"false\"><\/textarea><\/span> <\/label><\/p>\n<p><label><b>KEYWORDS<\/b><br \/>\n    <span class=\"wpcf7-form-control-wrap keywords\"><input type=\"text\" name=\"keywords\" value=\"\" size=\"40\" class=\"wpcf7-form-control wpcf7-text wpcf7-validates-as-required\" aria-required=\"true\" aria-invalid=\"false\" \/><\/span> <\/label><\/p>\n<p><label><b>RESULTADOS A OBTER<\/b> <span class=\"info\">(at\u00e9 400 palavras)<br>Quantificar e descrever a listagem de deliverables, produtos\/prot\u00f3tipos, artigos cient\u00edficos, relat\u00f3rios e outros resultados a obter.<\/span><br \/>\n    <span class=\"wpcf7-form-control-wrap results\"><textarea name=\"results\" cols=\"40\" rows=\"10\" class=\"wpcf7-form-control wpcf7-textarea wpcf7-validates-as-required\" aria-required=\"true\" aria-invalid=\"false\" placeholder=\"A. Produtos\/Prot\u00f3tipos: ... ; B. Deliverables: ... ; C. Artigos Cient\u00edficos: ... ; D. Relat\u00f3rios T\u00e9cnicos: ... ; E. Outros Resultados: ...\"><\/textarea><\/span> <\/label><\/p>\n<p><label><b>FASEAMENTO\/CALENDARIZA\u00c7\u00c3O<\/b><br><span class=\"info\">Identificar e descrever resumidamente cada fase do projeto e acompanhar com um cronograma detalhado \u00e0 quinzena. A dura\u00e7\u00e3o dos projetos acad\u00e9micos \u00e9 de um m\u00ednimo de 6 meses e de um m\u00e1ximo de 12 meses.<\/span><br \/>\n    <span class=\"wpcf7-form-control-wrap phases\"><textarea name=\"phases\" cols=\"40\" rows=\"10\" class=\"wpcf7-form-control wpcf7-textarea wpcf7-validates-as-required\" aria-required=\"true\" aria-invalid=\"false\" placeholder=\"A. Tarefa 1: ... ; B. Tarefa 2: ... ; C. Tarefa N: ... ;\"><\/textarea><\/span> <\/label><\/p>\n<p><label><b>CRONOGRAMA<\/b><br \/>\n<span class=\"wpcf7-form-control-wrap cronogram\"><input type=\"file\" name=\"cronogram\" size=\"40\" class=\"wpcf7-form-control wpcf7-file wpcf7-validates-as-required\" accept=\".ppt,.pptx,.pdf,.jpeg,.png\" aria-required=\"true\" aria-invalid=\"false\" \/><\/span> <\/label><\/p>\n<p><label><b>RECURSOS HUMANOS E T\u00c9CNICOS<\/b><br><span class=\"info\">Identificar o investigador respons\u00e1vel associado \u00e0 candidatura. Poder\u00e3o ser indicadas outras necessidades, nomeadamente software, hardware e recursos de comunica\u00e7\u00e3o, que ser\u00e3o disponibilizados em fun\u00e7\u00e3o da capacidade do laborat\u00f3rio AlticeLabs@UA.<\/span><br \/>\n    <span class=\"wpcf7-form-control-wrap human-resources\"><textarea name=\"human-resources\" cols=\"40\" rows=\"10\" class=\"wpcf7-form-control wpcf7-textarea wpcf7-validates-as-required\" aria-required=\"true\" aria-invalid=\"false\" placeholder=\"A. Investigador respons\u00e1vel: ... ; B. Outros investigadores envolvidos: ... ; C. Recursos t\u00e9cnicos: ...\"><\/textarea><\/span> <\/label><\/p>\n<p><input type=\"submit\" value=\"SUBMETER\" class=\"wpcf7-form-control has-spinner wpcf7-submit\" \/><\/p>\n<div class=\"fusion-alert alert custom alert-custom fusion-alert-center wpcf7-response-output alert-dismissable\" style=\"border-width:1px;\"><button type=\"button\" class=\"close toggle-alert\" data-dismiss=\"alert\" aria-label=\"Close\">&times;<\/button><div class=\"fusion-alert-content-wrapper\"><span class=\"fusion-alert-content\"><\/span><\/div><\/div><\/form><\/div>\n<\/div><div class=\"fusion-clearfix\"><\/div><\/div><\/div><div class=\"fusion-layout-column fusion_builder_column fusion-builder-column-2 fusion_builder_column_1_3 1_3 fusion-one-third fusion-column-last\" style=\"width:30.6666%;margin-top:0px;margin-bottom:20px;\"><div class=\"fusion-column-wrapper fusion-flex-column-wrapper-legacy\" style=\"background-position:left top;background-repeat:no-repeat;-webkit-background-size:cover;-moz-background-size:cover;-o-background-size:cover;background-size:cover;padding: 0px 0px 0px 0px;\"><div class=\"fusion-text fusion-text-4\"><h2>FAQs<\/h2>\n<\/div><style type=\"text\/css\">#accordion-265-1 .fusion-panel:hover{ border-color: #e2e2e2 } #accordion-265-1 .fusion-panel { border-color:#e2e2e2; }.fusion-accordian  #accordion-265-1 .panel-title a .fa-fusion-box{ color: #ffffff;}.fusion-accordian  #accordion-265-1 .panel-title a .fa-fusion-box:before{ font-size: 16px; width: 16px;}.fusion-accordian  #accordion-265-1 .panel-title a{color:#0084d6;font-family:\"Montserrat\";font-weight:400;}.fusion-accordian  #accordion-265-1 .toggle-content{font-size:16px;color:#000000;font-family:\"Montserrat\";font-weight:400;}.fusion-accordian  #accordion-265-1 .fa-fusion-box { background-color: #212934;border-color: #212934;}.fusion-accordian  #accordion-265-1 .panel-title a:not(.active):hover, #accordion-265-1 .fusion-toggle-boxed-mode:hover .panel-title a { color: #65bc7b;}.fusion-accordian  #accordion-265-1 .panel-title .active .fa-fusion-box,.fusion-accordian  #accordion-265-1 .panel-title a:not(.active):hover .fa-fusion-box { background-color: #65bc7b!important;border-color: #65bc7b!important;}<\/style><div class=\"accordian fusion-accordian\"><div class=\"panel-group\" id=\"accordion-265-1\"><style type=\"text\/css\">.fusion-accordian  #accordion-265-1 .panel-d2f9c8df51c0312e4 .panel-title a{}.fusion-accordian  #accordion-265-1 .panel-d2f9c8df51c0312e4 .toggle-content{}<\/style><div class=\"fusion-panel panel-default panel-d2f9c8df51c0312e4\"><div class=\"panel-heading\"><h4 class=\"panel-title toggle\"><a aria-expanded=\"false\" aria-controls=\"d2f9c8df51c0312e4\" role=\"button\" data-toggle=\"collapse\" data-parent=\"#accordion-265-1\" data-target=\"#d2f9c8df51c0312e4\" href=\"#d2f9c8df51c0312e4\"><span class=\"fusion-toggle-icon-wrapper\" aria-hidden=\"true\"><i class=\"fa-fusion-box active-icon awb-icon-plus\" aria-hidden=\"true\"><\/i><i class=\"fa-fusion-box inactive-icon awb-icon-minus\" aria-hidden=\"true\"><\/i><\/span><span class=\"fusion-toggle-heading\">O que \u00e9 o AlticeLabs@UA?<\/span><\/a><\/h4><\/div><div id=\"d2f9c8df51c0312e4\" class=\"panel-collapse collapse \"><div class=\"panel-body toggle-content fusion-clearfix\">O AlticeLabs@UA \u00e9 um laborat\u00f3rio de investiga\u00e7\u00e3o, sediado na Universidade de Aveiro e instalado no Departamento de Comunica\u00e7\u00e3o e Arte, que resulta da extensa experi\u00eancia de colabora\u00e7\u00e3o entre a Universidade de Aveiro e a Altice Labs e que visa apoiar projetos acad\u00e9micos e de investiga\u00e7\u00e3o de interesse comum \u00e0s duas institui\u00e7\u00f5es.<\/div><\/div><\/div><style type=\"text\/css\">.fusion-accordian  #accordion-265-1 .panel-1304b00d80043771d .panel-title a{}.fusion-accordian  #accordion-265-1 .panel-1304b00d80043771d .toggle-content{}<\/style><div class=\"fusion-panel panel-default panel-1304b00d80043771d\"><div class=\"panel-heading\"><h4 class=\"panel-title toggle\"><a aria-expanded=\"false\" aria-controls=\"1304b00d80043771d\" role=\"button\" data-toggle=\"collapse\" data-parent=\"#accordion-265-1\" data-target=\"#1304b00d80043771d\" href=\"#1304b00d80043771d\"><span class=\"fusion-toggle-icon-wrapper\" aria-hidden=\"true\"><i class=\"fa-fusion-box active-icon awb-icon-plus\" aria-hidden=\"true\"><\/i><i class=\"fa-fusion-box inactive-icon awb-icon-minus\" aria-hidden=\"true\"><\/i><\/span><span class=\"fusion-toggle-heading\">Quais as \u00e1reas de interven\u00e7\u00e3o consideradas?<\/span><\/a><\/h4><\/div><div id=\"1304b00d80043771d\" class=\"panel-collapse collapse \"><div class=\"panel-body toggle-content fusion-clearfix\">\n<p>Atendendo \u00e0s \u00e1reas de compet\u00eancia comuns \u00e0s duas institui\u00e7\u00f5es, as quais se pretendem manter e refor\u00e7ar atrav\u00e9s do laborat\u00f3rio AlticeLabs@UA, aceitam-se candidaturas a Projetos Acad\u00e9micos que versem, designadamente, sobre servi\u00e7os Web emergentes; Tecnologia de IPTV; conte\u00fados digitais; usabilidade de aplica\u00e7\u00f5es e experi\u00eancia do utilizador; sistemas de experi\u00eancia colaborativa ou social; e aplica\u00e7\u00f5es de IoT (Internet das Coisas).<\/p>\n<\/div><\/div><\/div><style type=\"text\/css\">.fusion-accordian  #accordion-265-1 .panel-a859dfbe2e3ce023f .panel-title a{}.fusion-accordian  #accordion-265-1 .panel-a859dfbe2e3ce023f .toggle-content{}<\/style><div class=\"fusion-panel panel-default panel-a859dfbe2e3ce023f\"><div class=\"panel-heading\"><h4 class=\"panel-title toggle\"><a aria-expanded=\"false\" aria-controls=\"a859dfbe2e3ce023f\" role=\"button\" data-toggle=\"collapse\" data-parent=\"#accordion-265-1\" data-target=\"#a859dfbe2e3ce023f\" href=\"#a859dfbe2e3ce023f\"><span class=\"fusion-toggle-icon-wrapper\" aria-hidden=\"true\"><i class=\"fa-fusion-box active-icon awb-icon-plus\" aria-hidden=\"true\"><\/i><i class=\"fa-fusion-box inactive-icon awb-icon-minus\" aria-hidden=\"true\"><\/i><\/span><span class=\"fusion-toggle-heading\">Quem pode candidatar-se?<\/span><\/a><\/h4><\/div><div id=\"a859dfbe2e3ce023f\" class=\"panel-collapse collapse \"><div class=\"panel-body toggle-content fusion-clearfix\">Podem candidatar-se a projetos acad\u00e9micos estudantes de p\u00f3s-gradua\u00e7\u00e3o (mestrado, doutoramento ou p\u00f3s-doutoramento) de qualquer curso da Universidade de Aveiro.<\/div><\/div><\/div><style type=\"text\/css\">.fusion-accordian  #accordion-265-1 .panel-c53489bd369e47317 .panel-title a{}.fusion-accordian  #accordion-265-1 .panel-c53489bd369e47317 .toggle-content{}<\/style><div class=\"fusion-panel panel-default panel-c53489bd369e47317\"><div class=\"panel-heading\"><h4 class=\"panel-title toggle\"><a aria-expanded=\"false\" aria-controls=\"c53489bd369e47317\" role=\"button\" data-toggle=\"collapse\" data-parent=\"#accordion-265-1\" data-target=\"#c53489bd369e47317\" href=\"#c53489bd369e47317\"><span class=\"fusion-toggle-icon-wrapper\" aria-hidden=\"true\"><i class=\"fa-fusion-box active-icon awb-icon-plus\" aria-hidden=\"true\"><\/i><i class=\"fa-fusion-box inactive-icon awb-icon-minus\" aria-hidden=\"true\"><\/i><\/span><span class=\"fusion-toggle-heading\">Qual o tipo de apoio por projeto?<\/span><\/a><\/h4><\/div><div id=\"c53489bd369e47317\" class=\"panel-collapse collapse \"><div class=\"panel-body toggle-content fusion-clearfix\">O investimento da Altice Labs no \u00e2mbito dos Projetos Acad\u00e9micos passa pela disponibiliza\u00e7\u00e3o dos necess\u00e1rios meios e infraestruturas (meios de comunica\u00e7\u00e3o, alojamento em servidores e acesso a conte\u00fados pr\u00f3prios e de parceiros da Altice Labs) e know-how (colabora\u00e7\u00e3o nas atividades de apoio pedag\u00f3gico e orienta\u00e7\u00e3o aos estudantes).<\/div><\/div><\/div><style type=\"text\/css\">.fusion-accordian  #accordion-265-1 .panel-57ee5d79bc83fe95b .panel-title a{}.fusion-accordian  #accordion-265-1 .panel-57ee5d79bc83fe95b .toggle-content{}<\/style><div class=\"fusion-panel panel-default panel-57ee5d79bc83fe95b\"><div class=\"panel-heading\"><h4 class=\"panel-title toggle\"><a aria-expanded=\"false\" aria-controls=\"57ee5d79bc83fe95b\" role=\"button\" data-toggle=\"collapse\" data-parent=\"#accordion-265-1\" data-target=\"#57ee5d79bc83fe95b\" href=\"#57ee5d79bc83fe95b\"><span class=\"fusion-toggle-icon-wrapper\" aria-hidden=\"true\"><i class=\"fa-fusion-box active-icon awb-icon-plus\" aria-hidden=\"true\"><\/i><i class=\"fa-fusion-box inactive-icon awb-icon-minus\" aria-hidden=\"true\"><\/i><\/span><span class=\"fusion-toggle-heading\">Existem propostas de projetos j\u00e1 definidas?<\/span><\/a><\/h4><\/div><div id=\"57ee5d79bc83fe95b\" class=\"panel-collapse collapse \"><div class=\"panel-body toggle-content fusion-clearfix\">\n<p>Sim. Para al\u00e9m dos candidatos poderem apresentar uma proposta de projeto acad\u00e9mico de raiz, desde que dentro das \u00e1reas de interven\u00e7\u00e3o acima indicadas, tamb\u00e9m se podem candidatar a um dos projetos j\u00e1 identificados e estruturados, os quais se encontram dispon\u00edveis na bolsa de propostas acess\u00edvel <a href=\"https:\/\/www.dropbox.com\/s\/y36y4vrpuw7x5nx\/lista_prop_proj_acad.xlsx?dl=0\" target=\"_blank\" rel=\"noopener noreferrer\">aqui<\/a>.<br \/>\nEstes projetos j\u00e1 foram, previamente, validados pela comiss\u00e3o de seria\u00e7\u00e3o do AlticeLabs@UA.<\/p>\n<\/div><\/div><\/div><style type=\"text\/css\">.fusion-accordian  #accordion-265-1 .panel-267acc287ff033161 .panel-title a{}.fusion-accordian  #accordion-265-1 .panel-267acc287ff033161 .toggle-content{}<\/style><div class=\"fusion-panel panel-default panel-267acc287ff033161\"><div class=\"panel-heading\"><h4 class=\"panel-title toggle\"><a aria-expanded=\"false\" aria-controls=\"267acc287ff033161\" role=\"button\" data-toggle=\"collapse\" data-parent=\"#accordion-265-1\" data-target=\"#267acc287ff033161\" href=\"#267acc287ff033161\"><span class=\"fusion-toggle-icon-wrapper\" aria-hidden=\"true\"><i class=\"fa-fusion-box active-icon awb-icon-plus\" aria-hidden=\"true\"><\/i><i class=\"fa-fusion-box inactive-icon awb-icon-minus\" aria-hidden=\"true\"><\/i><\/span><span class=\"fusion-toggle-heading\">Qual o prazo limite de aceita\u00e7\u00e3o de candidaturas?<\/span><\/a><\/h4><\/div><div id=\"267acc287ff033161\" class=\"panel-collapse collapse \"><div class=\"panel-body toggle-content fusion-clearfix\">\n<p>31 de mar\u00e7o de 2022.<\/p>\n<\/div><\/div><\/div><style type=\"text\/css\">.fusion-accordian  #accordion-265-1 .panel-891a3f3900cb1212d .panel-title a{}.fusion-accordian  #accordion-265-1 .panel-891a3f3900cb1212d .toggle-content{}<\/style><div class=\"fusion-panel panel-default panel-891a3f3900cb1212d\"><div class=\"panel-heading\"><h4 class=\"panel-title toggle\"><a aria-expanded=\"false\" aria-controls=\"891a3f3900cb1212d\" role=\"button\" data-toggle=\"collapse\" data-parent=\"#accordion-265-1\" data-target=\"#891a3f3900cb1212d\" href=\"#891a3f3900cb1212d\"><span class=\"fusion-toggle-icon-wrapper\" aria-hidden=\"true\"><i class=\"fa-fusion-box active-icon awb-icon-plus\" aria-hidden=\"true\"><\/i><i class=\"fa-fusion-box inactive-icon awb-icon-minus\" aria-hidden=\"true\"><\/i><\/span><span class=\"fusion-toggle-heading\">Como decorre o processo de seria\u00e7\u00e3o de propostas apresentadas pelos candidatos?<\/span><\/a><\/h4><\/div><div id=\"891a3f3900cb1212d\" class=\"panel-collapse collapse \"><div class=\"panel-body toggle-content fusion-clearfix\">\n<p>Ser\u00e3o selecionadas as candidaturas a Projetos Acad\u00e9micos que versem sobre servi\u00e7os existentes no Laborat\u00f3rio AlticeLabs@UA e que a Altice Labs e a Universidade considerem apresentar maior potencial no \u00e2mbito da partilha de experi\u00eancia Universidade \u2013 Empresa.<br \/>\nA avalia\u00e7\u00e3o e seria\u00e7\u00e3o dos Projetos Acad\u00e9micos ser\u00e1 efetuada por uma comiss\u00e3o constitu\u00edda por 2 representantes da Universidade e outros 2 representantes da Altice Labs.<br \/>\nO resultado da avalia\u00e7\u00e3o e seria\u00e7\u00e3o ser\u00e1 formalizado atrav\u00e9s de uma ata da reuni\u00e3o da comiss\u00e3o e divulgado at\u00e9 20 de abril de 2022.<\/p>\n<\/div><\/div><\/div><style type=\"text\/css\">.fusion-accordian  #accordion-265-1 .panel-52cbd1e7ee7ccbaeb .panel-title a{}.fusion-accordian  #accordion-265-1 .panel-52cbd1e7ee7ccbaeb .toggle-content{}<\/style><div class=\"fusion-panel panel-default panel-52cbd1e7ee7ccbaeb\"><div class=\"panel-heading\"><h4 class=\"panel-title toggle\"><a aria-expanded=\"false\" aria-controls=\"52cbd1e7ee7ccbaeb\" role=\"button\" data-toggle=\"collapse\" data-parent=\"#accordion-265-1\" data-target=\"#52cbd1e7ee7ccbaeb\" href=\"#52cbd1e7ee7ccbaeb\"><span class=\"fusion-toggle-icon-wrapper\" aria-hidden=\"true\"><i class=\"fa-fusion-box active-icon awb-icon-plus\" aria-hidden=\"true\"><\/i><i class=\"fa-fusion-box inactive-icon awb-icon-minus\" aria-hidden=\"true\"><\/i><\/span><span class=\"fusion-toggle-heading\">Como decorrer\u00e1 a gest\u00e3o de projetos?<\/span><\/a><\/h4><\/div><div id=\"52cbd1e7ee7ccbaeb\" class=\"panel-collapse collapse \"><div class=\"panel-body toggle-content fusion-clearfix\">\n<p>Cada projeto acad\u00e9mico ter\u00e1 um investigador da Universidade de Aveiro como respons\u00e1vel designado pela equipa de coordena\u00e7\u00e3o e gest\u00e3o do AlticeLabs@UA.<br \/>\nO acompanhamento da execu\u00e7\u00e3o de cada projeto ser\u00e1 efectuado pela equipa de coordena\u00e7\u00e3o e gest\u00e3o do AlticeLabs@UA, com a regularidade que a equipa considere ser adequada para cada projeto.<\/p>\n<p>No final do projeto o investigador respons\u00e1vel dever\u00e1 entregar os seguintes documentos:<\/p>\n<ul>\n<li>Relat\u00f3rio do projeto contendo s\u00edntese da atividade, descri\u00e7\u00e3o dos resultados e documenta\u00e7\u00e3o completa dos m\u00f3dulos e componentes desenvolvidos;<\/li>\n<li>C\u00f3digo fonte, publicado no reposit\u00f3rio a designar;<\/li>\n<li>Demonstra\u00e7\u00e3o funcional do SW desenvolvido.<\/li>\n<\/ul>\n<p>Para obter mais informa\u00e7\u00e3o, por favor consultar o protocolo do AlticeLabs@UA acess\u00edvel <a href=\"https:\/\/www.alticelabs.com\/site\/alticelabsua\/wp-content\/uploads\/sites\/12\/2017\/07\/alticelabs@ua_protocolo_colaboracao.pdf\">aqui<\/a>.<\/p>\n<\/div><\/div><\/div><\/div><\/div><div class=\"fusion-clearfix\"><\/div><\/div><\/div><\/div><\/div><div class=\"fusion-fullwidth fullwidth-box fusion-builder-row-2 fusion-flex-container nonhundred-percent-fullwidth non-hundred-percent-height-scrolling\" style=\"background-color: rgba(255,255,255,0);background-position: center center;background-repeat: no-repeat;border-width: 0px 0px 0px 0px;border-color:#e2e2e2;border-style:solid;\" ><div class=\"fusion-builder-row fusion-row fusion-flex-align-items-flex-start\" style=\"max-width:1144px;margin-left: calc(-4% \/ 2 );margin-right: calc(-4% \/ 2 );\"><div class=\"fusion-layout-column fusion_builder_column fusion-builder-column-3 fusion_builder_column_1_1 1_1 fusion-flex-column\"><div class=\"fusion-column-wrapper fusion-flex-justify-content-flex-start fusion-content-layout-column\" style=\"background-position:left top;background-repeat:no-repeat;-webkit-background-size:cover;-moz-background-size:cover;-o-background-size:cover;background-size:cover;padding: 0px 0px 0px 0px;\"><div class=\"fusion-separator fusion-full-width-sep\" style=\"align-self: center;margin-left: auto;margin-right: auto;width:100%;\"><\/div><\/div><style type=\"text\/css\">.fusion-body .fusion-builder-column-3{width:100% !important;margin-top : 0px;margin-bottom : 20px;}.fusion-builder-column-3 > .fusion-column-wrapper {padding-top : 0px !important;padding-right : 0px !important;margin-right : 1.92%;padding-bottom : 0px !important;padding-left : 0px !important;margin-left : 1.92%;}@media only screen and (max-width:1024px) {.fusion-body .fusion-builder-column-3{width:100% !important;order : 0;}.fusion-builder-column-3 > .fusion-column-wrapper {margin-right : 1.92%;margin-left : 1.92%;}}@media only screen and (max-width:640px) {.fusion-body .fusion-builder-column-3{width:100% !important;order : 0;}.fusion-builder-column-3 > .fusion-column-wrapper {margin-right : 1.92%;margin-left : 1.92%;}}<\/style><\/div><\/div><style type=\"text\/css\">.fusion-body .fusion-flex-container.fusion-builder-row-2{ padding-top : 0px;margin-top : 0px;padding-right : 0px;padding-bottom : 0px;margin-bottom : 0px;padding-left : 0px;}<\/style><\/div><\/p>\n","protected":false},"excerpt":{"rendered":"","protected":false},"author":65,"featured_media":0,"parent":0,"menu_order":0,"comment_status":"closed","ping_status":"closed","template":"","meta":[],"_links":{"self":[{"href":"https:\/\/www.alticelabs.com\/site\/alticelabsua\/wp-json\/wp\/v2\/pages\/265"}],"collection":[{"href":"https:\/\/www.alticelabs.com\/site\/alticelabsua\/wp-json\/wp\/v2\/pages"}],"about":[{"href":"https:\/\/www.alticelabs.com\/site\/alticelabsua\/wp-json\/wp\/v2\/types\/page"}],"author":[{"embeddable":true,"href":"https:\/\/www.alticelabs.com\/site\/alticelabsua\/wp-json\/wp\/v2\/users\/65"}],"replies":[{"embeddable":true,"href":"https:\/\/www.alticelabs.com\/site\/alticelabsua\/wp-json\/wp\/v2\/comments?post=265"}],"version-history":[{"count":34,"href":"https:\/\/www.alticelabs.com\/site\/alticelabsua\/wp-json\/wp\/v2\/pages\/265\/revisions"}],"predecessor-version":[{"id":1057,"href":"https:\/\/www.alticelabs.com\/site\/alticelabsua\/wp-json\/wp\/v2\/pages\/265\/revisions\/1057"}],"wp:attachment":[{"href":"https:\/\/www.alticelabs.com\/site\/alticelabsua\/wp-json\/wp\/v2\/media?parent=265"}],"curies":[{"name":"wp","href":"https:\/\/api.w.org\/{rel}","templated":true}]}}