{"id":262,"date":"2017-07-14T09:33:22","date_gmt":"2017-07-14T09:33:22","guid":{"rendered":"https:\/\/www.alticelabs.com\/site\/alticelabsua\/?page_id=262"},"modified":"2020-11-17T01:44:57","modified_gmt":"2020-11-17T01:44:57","slug":"projetos_academicos","status":"publish","type":"page","link":"https:\/\/www.alticelabs.com\/site\/alticelabsua\/projetos_academicos\/","title":{"rendered":"Projetos Acad\u00e9micos"},"content":{"rendered":"<div class=\"fusion-fullwidth fullwidth-box fusion-builder-row-1 nonhundred-percent-fullwidth non-hundred-percent-height-scrolling\" style=\"background-color: rgba(255,255,255,0);background-position: left top;background-repeat: no-repeat;padding-top:0px;padding-right:0px;padding-bottom:0px;padding-left:0px;margin-bottom: 30px;margin-top: 60px;border-width: 0px 0px 0px 0px;border-color:#e2e2e2;border-style:solid;\" ><div class=\"fusion-builder-row fusion-row\"><div class=\"fusion-layout-column fusion_builder_column fusion-builder-column-0 fusion_builder_column_1_1 1_1 fusion-one-full fusion-column-first fusion-column-last\" style=\"margin-top:0px;margin-bottom:30px;\"><div class=\"fusion-column-wrapper fusion-flex-column-wrapper-legacy\" style=\"background-position:left top;background-repeat:no-repeat;-webkit-background-size:cover;-moz-background-size:cover;-o-background-size:cover;background-size:cover;padding: 0px 0px 0px 0px;\"><div class=\"fusion-text fusion-text-1\"><h1 style=\"text-align: center\">Projetos Acad\u00e9micos<\/h1>\n<\/div><div class=\"fusion-sep-clear\"><\/div><div class=\"fusion-separator title-divider\" style=\"margin-left: auto;margin-right: auto;margin-top:0px;margin-bottom:30px;width:100%;max-width:7%;\"><div class=\"fusion-separator-border sep-single sep-solid\" style=\"border-color:#007be9;border-top-width:5px;\"><\/div><\/div><div class=\"fusion-sep-clear\"><\/div><div class=\"fusion-sep-clear\"><\/div><div class=\"fusion-separator fusion-full-width-sep\" style=\"margin-left: auto;margin-right: auto;margin-top:10px;margin-bottom:10px;width:100%;\"><\/div><div class=\"fusion-sep-clear\"><\/div><p class=\"intro\">O laborat\u00f3rio apoia Projetos Acad\u00e9micos ao n\u00edvel da disponibiliza\u00e7\u00e3o dos necess\u00e1rios meios e infraestruturas (meios de comunica\u00e7\u00e3o, alojamento em servidores e acesso a conte\u00fados pr\u00f3prios e de parceiros da Altice Labs) e know-how (colabora\u00e7\u00e3o nas atividades de apoio pedag\u00f3gico e orienta\u00e7\u00e3o aos estudantes).<\/p><div class=\"fusion-sep-clear\"><\/div><div class=\"fusion-separator fusion-full-width-sep\" style=\"margin-left: auto;margin-right: auto;margin-top:50px;width:100%;\"><\/div><div class=\"fusion-sep-clear\"><\/div><div class=\"fusion-text fusion-text-2\"><h2 style=\"text-align: center\">Projetos<\/h2>\n<\/div><div class=\"fusion-clearfix\"><\/div><\/div><\/div><div class=\"fusion-layout-column fusion_builder_column fusion-builder-column-1 fusion_builder_column_1_3 1_3 fusion-one-third fusion-column-first\" style=\"width:30.6666%; margin-right: 4%;margin-top:0px;margin-bottom:20px;\"><div class=\"fusion-column-wrapper fusion-flex-column-wrapper-legacy\" style=\"background-position:left top;background-repeat:no-repeat;-webkit-background-size:cover;-moz-background-size:cover;-o-background-size:cover;background-size:cover;padding: 0px 0px 0px 0px;\"><span class=\" fusion-imageframe imageframe-none imageframe-1 hover-type-none\"><img width=\"260\" height=\"195\" title=\"img_academicproject1\" src=\"https:\/\/www.alticelabs.com\/site\/alticelabsua\/wp-content\/uploads\/sites\/12\/2017\/07\/img_academicproject1-1.jpg\" alt class=\"img-responsive wp-image-694\"\/><\/span><div class=\"fusion-sep-clear\"><\/div><div class=\"fusion-separator fusion-full-width-sep\" style=\"margin-left: auto;margin-right: auto;margin-top:10px;margin-bottom:10px;width:100%;\"><\/div><div class=\"fusion-sep-clear\"><\/div><div class=\"fusion-text fusion-text-3\"><h4><strong>Constru\u00e7\u00e3o autom\u00e1tica de conte\u00fados AV, sobre servi\u00e7os sociais de apoio, para plataformas de iTV<\/strong><\/h4>\n<\/div><div class=\"fusion-sep-clear\"><\/div><div class=\"fusion-separator fusion-full-width-sep\" style=\"margin-left: auto;margin-right: auto;margin-top:10px;margin-bottom:10px;width:100%;\"><\/div><div class=\"fusion-sep-clear\"><\/div><div class=\"fusion-text fusion-text-4\"><p>O principal objetivo deste projeto \u00e9 o de construir uma plataforma capaz de gerar conte\u00fado \u00e1udio-visual sobre servi\u00e7os sociais de forma autom\u00e1tica. A plataforma a\u00a0desenvolver dever\u00e1 ser capaz de retirar o conte\u00fado noticioso de s\u00edtios web espec\u00edficos e construir, com base nele, o respetivo conte\u00fado audiovisual.<\/p>\n<\/div><div class=\"fusion-clearfix\"><\/div><\/div><\/div><div class=\"fusion-layout-column fusion_builder_column fusion-builder-column-2 fusion_builder_column_1_3 1_3 fusion-one-third\" style=\"width:30.6666%; margin-right: 4%;margin-top:0px;margin-bottom:20px;\"><div class=\"fusion-column-wrapper fusion-flex-column-wrapper-legacy\" style=\"background-position:left top;background-repeat:no-repeat;-webkit-background-size:cover;-moz-background-size:cover;-o-background-size:cover;background-size:cover;padding: 0px 0px 0px 0px;\"><span class=\" fusion-imageframe imageframe-none imageframe-2 hover-type-none\"><img width=\"260\" height=\"195\" title=\"img_academicproject2\" src=\"https:\/\/www.alticelabs.com\/site\/alticelabsua\/wp-content\/uploads\/sites\/12\/2017\/07\/img_academicproject2.jpg\" alt class=\"img-responsive wp-image-447\"\/><\/span><div class=\"fusion-sep-clear\"><\/div><div class=\"fusion-separator fusion-full-width-sep\" style=\"margin-left: auto;margin-right: auto;margin-top:10px;margin-bottom:10px;width:100%;\"><\/div><div class=\"fusion-sep-clear\"><\/div><div class=\"fusion-text fusion-text-5\"><h4><strong>Uma interface de iTV para disponibiliza\u00e7\u00e3o de conte\u00fados sobre servi\u00e7os sociais de apoio<\/strong><\/h4>\n<\/div><div class=\"fusion-sep-clear\"><\/div><div class=\"fusion-separator fusion-full-width-sep\" style=\"margin-left: auto;margin-right: auto;margin-top:10px;margin-bottom:10px;width:100%;\"><\/div><div class=\"fusion-sep-clear\"><\/div><div class=\"fusion-text fusion-text-6\"><p>Neste projeto ser\u00e1 desenvolvida uma interface para TV interativa para disponibiliza\u00e7\u00e3o de conte\u00fados sobre servi\u00e7os sociais, considerando as necessidades e expetativas\u00a0dos seniores.<\/p>\n<\/div><div class=\"fusion-clearfix\"><\/div><\/div><\/div><div class=\"fusion-layout-column fusion_builder_column fusion-builder-column-3 fusion_builder_column_1_3 1_3 fusion-one-third fusion-column-last\" style=\"width:30.6666%;margin-top:0px;margin-bottom:20px;\"><div class=\"fusion-column-wrapper fusion-flex-column-wrapper-legacy\" style=\"background-position:left top;background-repeat:no-repeat;-webkit-background-size:cover;-moz-background-size:cover;-o-background-size:cover;background-size:cover;padding: 0px 0px 0px 0px;\"><span class=\" fusion-imageframe imageframe-none imageframe-3 hover-type-none\"><img width=\"260\" height=\"195\" title=\"img_academicproject4\" src=\"https:\/\/www.alticelabs.com\/site\/alticelabsua\/wp-content\/uploads\/sites\/12\/2017\/07\/img_academicproject4.jpg\" alt class=\"img-responsive wp-image-449\"\/><\/span><div class=\"fusion-sep-clear\"><\/div><div class=\"fusion-separator fusion-full-width-sep\" style=\"margin-left: auto;margin-right: auto;margin-top:10px;margin-bottom:10px;width:100%;\"><\/div><div class=\"fusion-sep-clear\"><\/div><div class=\"fusion-text fusion-text-7\"><h4><strong>Interface de acesso a programas com\u00a0audiodescri\u00e7\u00e3o no servi\u00e7o IPTV MEO<\/strong><\/h4>\n<\/div><div class=\"fusion-sep-clear\"><\/div><div class=\"fusion-separator fusion-full-width-sep\" style=\"margin-left: auto;margin-right: auto;margin-top:10px;margin-bottom:10px;width:100%;\"><\/div><div class=\"fusion-sep-clear\"><\/div><div class=\"fusion-text fusion-text-8\"><p>Com este projeto pretende-se disponibilizar programas com audiodescri\u00e7\u00e3o e facilitar o acesso a estes programas a clientes com d\u00e9fice visual do servi\u00e7o IPTV MEO. Este\u00a0objetivo ser\u00e1 cumprido atrav\u00e9s da cria\u00e7\u00e3o de uma nova \u00e1rea no servi\u00e7o IPTV MEO que integre uma interface acess\u00edvel a este p\u00fablico e que suporte a disponibiliza\u00e7\u00e3o de\u00a0programas com audiodescri\u00e7\u00e3o.<\/p>\n<\/div><div class=\"fusion-clearfix\"><\/div><\/div><\/div><div class=\"fusion-layout-column fusion_builder_column fusion-builder-column-4 fusion_builder_column_1_1 1_1 fusion-one-full fusion-column-first fusion-column-last\" style=\"margin-top:0px;margin-bottom:0px;\"><div class=\"fusion-column-wrapper fusion-flex-column-wrapper-legacy\" style=\"background-position:left top;background-repeat:no-repeat;-webkit-background-size:cover;-moz-background-size:cover;-o-background-size:cover;background-size:cover;padding: 0px 0px 0px 0px;\"><div class=\"fusion-sep-clear\"><\/div><div class=\"fusion-separator fusion-full-width-sep\" style=\"margin-left: auto;margin-right: auto;margin-top:40px;margin-bottom:60px;width:100%;\"><div class=\"fusion-separator-border sep-single sep-solid\" style=\"border-color:#cccccc;border-top-width:1px;\"><\/div><\/div><div class=\"fusion-sep-clear\"><\/div><div class=\"fusion-text fusion-text-9\"><h2 style=\"text-align: center\">Outros Projetos<\/h2>\n<\/div><div class=\"fusion-sep-clear\"><\/div><div class=\"fusion-separator fusion-full-width-sep\" style=\"margin-left: auto;margin-right: auto;margin-top:10px;margin-bottom:10px;width:100%;\"><\/div><div class=\"fusion-sep-clear\"><\/div><div class=\"fusion-clearfix\"><\/div><\/div><\/div><div class=\"fusion-layout-column fusion_builder_column fusion-builder-column-5 fusion_builder_column_1_2 1_2 fusion-one-half fusion-column-first\" style=\"width:48%; margin-right: 4%;margin-top:0px;margin-bottom:20px;\"><div class=\"fusion-column-wrapper fusion-flex-column-wrapper-legacy\" style=\"background-position:left top;background-repeat:no-repeat;-webkit-background-size:cover;-moz-background-size:cover;-o-background-size:cover;background-size:cover;padding: 0px 0px 0px 0px;\"><span class=\" fusion-imageframe imageframe-none imageframe-4 hover-type-none side-img\" style=\"margin-right:25px;float:left;\"><a class=\"fusion-no-lightbox\" href=\"http:\/\/gps.pt\" target=\"_blank\" aria-label=\"img_otheracademicprojects1\" rel=\"noopener noreferrer\"><img width=\"260\" height=\"195\" alt=\"GPS\" src=\"https:\/\/www.alticelabs.com\/site\/alticelabsua\/wp-content\/uploads\/sites\/12\/2017\/07\/img_otheracademicprojects1.jpg\" class=\"img-responsive wp-image-475\"\/><\/a><\/span><div class=\"fusion-text fusion-text-10\"><h3>GPS<\/h3>\n<\/div><div class=\"fusion-text fusion-text-11\"><p>A rede <a href=\"http:\/\/gps.pt\" target=\"_blank\" rel=\"noopener noreferrer\">GPS<\/a> p\u00f5e os investigadores portugueses no mapa! E promove contactos e o reconhecimento na sociedade portuguesa.<\/p>\n<\/div><div class=\"fusion-clearfix\"><\/div><\/div><\/div><div class=\"fusion-layout-column fusion_builder_column fusion-builder-column-6 fusion_builder_column_1_2 1_2 fusion-one-half fusion-column-last side-text\" style=\"width:48%;margin-top:0px;margin-bottom:20px;\"><div class=\"fusion-column-wrapper fusion-flex-column-wrapper-legacy\" style=\"background-position:left top;background-repeat:no-repeat;-webkit-background-size:cover;-moz-background-size:cover;-o-background-size:cover;background-size:cover;padding: 0px 0px 0px 0px;\"><span class=\" fusion-imageframe imageframe-none imageframe-5 hover-type-none side-img\" style=\"margin-right:25px;float:left;\"><a class=\"fusion-no-lightbox\" href=\"http:\/\/campus.sapo.pt\" target=\"_blank\" aria-label=\"img_otheracademicprojects2\" rel=\"noopener noreferrer\"><img width=\"260\" height=\"195\" alt=\"Campus\" src=\"https:\/\/www.alticelabs.com\/site\/alticelabsua\/wp-content\/uploads\/sites\/12\/2017\/07\/img_otheracademicprojects2.jpg\" class=\"img-responsive wp-image-476\"\/><\/a><\/span><div class=\"fusion-text fusion-text-12\"><h3>Campus<\/h3>\n<\/div><div class=\"fusion-text fusion-text-13\"><p>O <a href=\"http:\/\/campus.sapo.pt\" target=\"_blank\" rel=\"noopener noreferrer\">Campus<\/a> \u00e9 uma plataforma online de comunica\u00e7\u00e3o e colabora\u00e7\u00e3o que permite criar espa\u00e7os de partilha de publica\u00e7\u00f5es: blogs, v\u00eddeos, fotos, estados, coment\u00e1rios, ficheiros e crach\u00e1s.<\/p>\n<\/div><div class=\"fusion-clearfix\"><\/div><\/div><\/div><div class=\"fusion-layout-column fusion_builder_column fusion-builder-column-7 fusion_builder_column_1_1 1_1 fusion-one-full fusion-column-first fusion-column-last\" style=\"margin-top:0px;margin-bottom:0px;\"><div class=\"fusion-column-wrapper fusion-flex-column-wrapper-legacy\" style=\"background-position:left top;background-repeat:no-repeat;-webkit-background-size:cover;-moz-background-size:cover;-o-background-size:cover;background-size:cover;padding: 0px 0px 0px 0px;\"><div class=\"fusion-sep-clear\"><\/div><div class=\"fusion-separator fusion-full-width-sep\" style=\"margin-left: auto;margin-right: auto;margin-top:40px;margin-bottom:60px;width:100%;\"><div class=\"fusion-separator-border sep-single sep-solid\" style=\"border-color:#cccccc;border-top-width:1px;\"><\/div><\/div><div class=\"fusion-sep-clear\"><\/div><div class=\"fusion-text fusion-text-14\"><h2 style=\"text-align: center\">Candidaturas<\/h2>\n<\/div><div class=\"fusion-sep-clear\"><\/div><div class=\"fusion-separator fusion-full-width-sep\" style=\"margin-left: auto;margin-right: auto;margin-top:10px;margin-bottom:10px;width:100%;\"><\/div><div class=\"fusion-sep-clear\"><\/div><div class=\"fusion-text fusion-text-15\"><p style=\"text-align: center\">Se \u00e9s estudante\u00a0de p\u00f3s-gradua\u00e7\u00e3o (mestrado, doutoramento ou p\u00f3s-doutoramento) de qualquer curso\u00a0da Universidade de Aveiro e tens uma ideia para um projeto enquadrado numa das 6 \u00e1reas tem\u00e1ticas do laborat\u00f3rio, aproveita a oportunidade para obter apoio ao n\u00edvel de infraestruturas e know-how especializado.<\/p>\n<\/div><div class=\"fusion-aligncenter\"><style>.fusion-button.button-1{border-radius:5px 5px 5px 5px;}<\/style><a class=\"fusion-button button-flat button-large button-default button-1 fusion-button-default-span fusion-button-default-type\" target=\"_self\" title=\"Candidatar a projeto acad\u00e9mico\" href=\"https:\/\/www.alticelabs.com\/site\/alticelabsua\/candidatura_academico\"><span class=\"fusion-button-text\">CANDIDATAR PROJETO ACAD\u00c9MICO<\/span><\/a><\/div><div class=\"fusion-sep-clear\"><\/div><div class=\"fusion-separator fusion-full-width-sep\" style=\"margin-left: auto;margin-right: auto;margin-top:30px;margin-bottom:30px;width:100%;\"><\/div><div class=\"fusion-sep-clear\"><\/div><div class=\"fusion-clearfix\"><\/div><\/div><\/div><\/div><\/div>\n","protected":false},"excerpt":{"rendered":"","protected":false},"author":65,"featured_media":0,"parent":0,"menu_order":0,"comment_status":"closed","ping_status":"closed","template":"100-width.php","meta":[],"_links":{"self":[{"href":"https:\/\/www.alticelabs.com\/site\/alticelabsua\/wp-json\/wp\/v2\/pages\/262"}],"collection":[{"href":"https:\/\/www.alticelabs.com\/site\/alticelabsua\/wp-json\/wp\/v2\/pages"}],"about":[{"href":"https:\/\/www.alticelabs.com\/site\/alticelabsua\/wp-json\/wp\/v2\/types\/page"}],"author":[{"embeddable":true,"href":"https:\/\/www.alticelabs.com\/site\/alticelabsua\/wp-json\/wp\/v2\/users\/65"}],"replies":[{"embeddable":true,"href":"https:\/\/www.alticelabs.com\/site\/alticelabsua\/wp-json\/wp\/v2\/comments?post=262"}],"version-history":[{"count":73,"href":"https:\/\/www.alticelabs.com\/site\/alticelabsua\/wp-json\/wp\/v2\/pages\/262\/revisions"}],"predecessor-version":[{"id":1014,"href":"https:\/\/www.alticelabs.com\/site\/alticelabsua\/wp-json\/wp\/v2\/pages\/262\/revisions\/1014"}],"wp:attachment":[{"href":"https:\/\/www.alticelabs.com\/site\/alticelabsua\/wp-json\/wp\/v2\/media?parent=262"}],"curies":[{"name":"wp","href":"https:\/\/api.w.org\/{rel}","templated":true}]}}