{"id":23,"date":"2017-05-02T16:00:05","date_gmt":"2017-05-02T16:00:05","guid":{"rendered":"https:\/\/www.alticelabs.com\/site\/alticelabsua\/?page_id=23"},"modified":"2020-04-14T18:11:35","modified_gmt":"2020-04-14T18:11:35","slug":"sobre","status":"publish","type":"page","link":"https:\/\/www.alticelabs.com\/site\/alticelabsua\/sobre\/","title":{"rendered":"Sobre"},"content":{"rendered":"<div class=\"fusion-fullwidth fullwidth-box fusion-builder-row-1 nonhundred-percent-fullwidth non-hundred-percent-height-scrolling\" style=\"background-color: rgba(255,255,255,0);background-position: left top;background-repeat: no-repeat;padding-top:0px;padding-right:0px;padding-bottom:0px;padding-left:0px;margin-bottom: 60px;margin-top: 60px;border-width: 0px 0px 0px 0px;border-color:#e2e2e2;border-style:solid;\" ><div class=\"fusion-builder-row fusion-row\"><div class=\"fusion-layout-column fusion_builder_column fusion-builder-column-0 fusion_builder_column_1_1 1_1 fusion-one-full fusion-column-first fusion-column-last\" style=\"margin-top:0px;margin-bottom:60px;\"><div class=\"fusion-column-wrapper fusion-flex-column-wrapper-legacy\" style=\"background-position:left top;background-repeat:no-repeat;-webkit-background-size:cover;-moz-background-size:cover;-o-background-size:cover;background-size:cover;padding: 0px 0px 0px 0px;\"><div class=\"fusion-text fusion-text-1\"><h1 style=\"text-align: center\">Sobre<\/h1>\n<\/div><div class=\"fusion-sep-clear\"><\/div><div class=\"fusion-separator title-divider\" style=\"margin-left: auto;margin-right: auto;margin-top:0px;margin-bottom:30px;width:100%;max-width:7%;\"><div class=\"fusion-separator-border sep-single sep-solid\" style=\"border-color:#007be9;border-top-width:5px;\"><\/div><\/div><div class=\"fusion-sep-clear\"><\/div><div class=\"fusion-sep-clear\"><\/div><div class=\"fusion-separator fusion-full-width-sep\" style=\"margin-left: auto;margin-right: auto;margin-top:10px;margin-bottom:10px;width:100%;\"><\/div><div class=\"fusion-sep-clear\"><\/div><p class=\"intro\">O laborat\u00f3rio AlticeLabs@UA foi criado em Julho de 2016 atrav\u00e9s de protocolo assinado entre a Reitoria da Universidade de Aveiro e a Altice Labs.<\/p><div class=\"fusion-clearfix\"><\/div><\/div><\/div><div class=\"fusion-layout-column fusion_builder_column fusion-builder-column-1 fusion_builder_column_1_1 1_1 fusion-one-full fusion-column-first fusion-column-last\" style=\"margin-top:0px;margin-bottom:0px;\"><div class=\"fusion-column-wrapper fusion-flex-column-wrapper-legacy\" style=\"background-position:left top;background-repeat:no-repeat;-webkit-background-size:cover;-moz-background-size:cover;-o-background-size:cover;background-size:cover;padding: 0px 0px 0px 0px;\"><div class=\"fusion-text fusion-text-2\"><p>O AlticeLabs@UA existe fisicamente nas instala\u00e7\u00f5es do Departamento de Comunica\u00e7\u00e3o e Arte (DeCA) tendo por objeto o desenvolvimento conjunto de projetos acad\u00e9micos e cient\u00edficos entre as duas entidades, com foco nas seguintes \u00e1reas cient\u00edficas e tecnol\u00f3gicas ligadas ao:<\/p>\n<\/div><div class=\"fusion-clearfix\"><\/div><\/div><\/div><div class=\"fusion-layout-column fusion_builder_column fusion-builder-column-2 fusion_builder_column_1_6 1_6 fusion-one-sixth fusion-column-first tek-areas\" style=\"margin-top:0px;margin-bottom:20px;\"><div class=\"fusion-column-wrapper fusion-flex-column-wrapper-legacy\" style=\"background-position:left top;background-repeat:no-repeat;-webkit-background-size:cover;-moz-background-size:cover;-o-background-size:cover;background-size:cover;padding: 0px 0px 0px 0px;\"><span class=\" fusion-imageframe imageframe-none imageframe-1 hover-type-none\" style=\"margin-right:25px;float:left;\"><img width=\"260\" height=\"195\" title=\"areas_webtek\" src=\"https:\/\/www.alticelabs.com\/site\/alticelabsua\/wp-content\/uploads\/sites\/12\/2017\/05\/areas_webtek.jpg\" alt class=\"img-responsive wp-image-816\"\/><\/span><div class=\"fusion-sep-clear\"><\/div><div class=\"fusion-separator fusion-full-width-sep\" style=\"margin-left: auto;margin-right: auto;margin-top:10px;width:100%;\"><\/div><div class=\"fusion-sep-clear\"><\/div><div class=\"fusion-text fusion-text-3\"><h4>Desenvolvimento de servi\u00e7os Web emergentes<\/h4>\n<\/div><div class=\"fusion-clearfix\"><\/div><\/div><\/div><div class=\"fusion-layout-column fusion_builder_column fusion-builder-column-3 fusion_builder_column_1_6 1_6 fusion-one-sixth tek-areas\" style=\"margin-top:0px;margin-bottom:20px;\"><div class=\"fusion-column-wrapper fusion-flex-column-wrapper-legacy\" style=\"background-position:left top;background-repeat:no-repeat;-webkit-background-size:cover;-moz-background-size:cover;-o-background-size:cover;background-size:cover;padding: 0px 0px 0px 0px;\"><span class=\" fusion-imageframe imageframe-none imageframe-2 hover-type-none\" style=\"margin-right:25px;float:left;\"><img width=\"260\" height=\"195\" title=\"areas_iptv\" src=\"https:\/\/www.alticelabs.com\/site\/alticelabsua\/wp-content\/uploads\/sites\/12\/2017\/05\/areas_iptv.jpg\" alt class=\"img-responsive wp-image-812\"\/><\/span><div class=\"fusion-sep-clear\"><\/div><div class=\"fusion-separator fusion-full-width-sep\" style=\"margin-left: auto;margin-right: auto;margin-top:10px;width:100%;\"><\/div><div class=\"fusion-sep-clear\"><\/div><div class=\"fusion-text fusion-text-4\"><h4>IPTV e conte\u00fados digitais<\/h4>\n<\/div><div class=\"fusion-clearfix\"><\/div><\/div><\/div><div class=\"fusion-layout-column fusion_builder_column fusion-builder-column-4 fusion_builder_column_1_6 1_6 fusion-one-sixth tek-areas\" style=\"margin-top:0px;margin-bottom:20px;\"><div class=\"fusion-column-wrapper fusion-flex-column-wrapper-legacy\" style=\"background-position:left top;background-repeat:no-repeat;-webkit-background-size:cover;-moz-background-size:cover;-o-background-size:cover;background-size:cover;padding: 0px 0px 0px 0px;\"><span class=\" fusion-imageframe imageframe-none imageframe-3 hover-type-none\" style=\"margin-right:25px;float:left;\"><img width=\"260\" height=\"195\" title=\"areas_usability\" src=\"https:\/\/www.alticelabs.com\/site\/alticelabsua\/wp-content\/uploads\/sites\/12\/2017\/05\/areas_usability.jpg\" alt class=\"img-responsive wp-image-814\"\/><\/span><div class=\"fusion-sep-clear\"><\/div><div class=\"fusion-separator fusion-full-width-sep\" style=\"margin-left: auto;margin-right: auto;margin-top:10px;width:100%;\"><\/div><div class=\"fusion-sep-clear\"><\/div><div class=\"fusion-text fusion-text-5\"><h4>Usabilidade de servi\u00e7os e aplica\u00e7\u00f5es<\/h4>\n<\/div><div class=\"fusion-clearfix\"><\/div><\/div><\/div><div class=\"fusion-layout-column fusion_builder_column fusion-builder-column-5 fusion_builder_column_1_6 1_6 fusion-one-sixth tek-areas\" style=\"margin-top:0px;margin-bottom:20px;\"><div class=\"fusion-column-wrapper fusion-flex-column-wrapper-legacy\" style=\"background-position:left top;background-repeat:no-repeat;-webkit-background-size:cover;-moz-background-size:cover;-o-background-size:cover;background-size:cover;padding: 0px 0px 0px 0px;\"><span class=\" fusion-imageframe imageframe-none imageframe-4 hover-type-none\" style=\"margin-right:25px;float:left;\"><img width=\"260\" height=\"195\" title=\"areas_ux\" src=\"https:\/\/www.alticelabs.com\/site\/alticelabsua\/wp-content\/uploads\/sites\/12\/2017\/05\/areas_ux.jpg\" alt class=\"img-responsive wp-image-815\"\/><\/span><div class=\"fusion-sep-clear\"><\/div><div class=\"fusion-separator fusion-full-width-sep\" style=\"margin-left: auto;margin-right: auto;margin-top:10px;width:100%;\"><\/div><div class=\"fusion-sep-clear\"><\/div><div class=\"fusion-text fusion-text-6\"><h4>Experi\u00eancia do utilizador<\/h4>\n<\/div><div class=\"fusion-clearfix\"><\/div><\/div><\/div><div class=\"fusion-layout-column fusion_builder_column fusion-builder-column-6 fusion_builder_column_1_6 1_6 fusion-one-sixth tek-areas\" style=\"margin-top:0px;margin-bottom:20px;\"><div class=\"fusion-column-wrapper fusion-flex-column-wrapper-legacy\" style=\"background-position:left top;background-repeat:no-repeat;-webkit-background-size:cover;-moz-background-size:cover;-o-background-size:cover;background-size:cover;padding: 0px 0px 0px 0px;\"><span class=\" fusion-imageframe imageframe-none imageframe-5 hover-type-none\" style=\"margin-right:25px;float:left;\"><img width=\"260\" height=\"195\" title=\"areas_systems\" src=\"https:\/\/www.alticelabs.com\/site\/alticelabsua\/wp-content\/uploads\/sites\/12\/2017\/05\/areas_systems.jpg\" alt class=\"img-responsive wp-image-813\"\/><\/span><div class=\"fusion-sep-clear\"><\/div><div class=\"fusion-separator fusion-full-width-sep\" style=\"margin-left: auto;margin-right: auto;margin-top:10px;width:100%;\"><\/div><div class=\"fusion-sep-clear\"><\/div><div class=\"fusion-text fusion-text-7\"><h4>Sistemas de experi\u00eancia colaborativa ou social<\/h4>\n<\/div><div class=\"fusion-clearfix\"><\/div><\/div><\/div><div class=\"fusion-layout-column fusion_builder_column fusion-builder-column-7 fusion_builder_column_1_6 1_6 fusion-one-sixth fusion-column-last tek-areas\" style=\"margin-top:0px;margin-bottom:20px;\"><div class=\"fusion-column-wrapper fusion-flex-column-wrapper-legacy\" style=\"background-position:left top;background-repeat:no-repeat;-webkit-background-size:cover;-moz-background-size:cover;-o-background-size:cover;background-size:cover;padding: 0px 0px 0px 0px;\"><span class=\" fusion-imageframe imageframe-none imageframe-6 hover-type-none\" style=\"margin-right:25px;float:left;\"><img width=\"260\" height=\"195\" title=\"areas_iot\" src=\"https:\/\/www.alticelabs.com\/site\/alticelabsua\/wp-content\/uploads\/sites\/12\/2017\/05\/areas_iot.jpg\" alt class=\"img-responsive wp-image-811\"\/><\/span><div class=\"fusion-sep-clear\"><\/div><div class=\"fusion-separator fusion-full-width-sep\" style=\"margin-left: auto;margin-right: auto;margin-top:10px;width:100%;\"><\/div><div class=\"fusion-sep-clear\"><\/div><div class=\"fusion-text fusion-text-8\"><h4>Aplica\u00e7\u00f5es na \u00e1rea da Internet das Coisas (IoT)<\/h4>\n<\/div><div class=\"fusion-clearfix\"><\/div><\/div><\/div><div class=\"fusion-layout-column fusion_builder_column fusion-builder-column-8 fusion_builder_column_1_1 1_1 fusion-one-full fusion-column-first fusion-column-last\" style=\"margin-top:0px;margin-bottom:20px;\"><div class=\"fusion-column-wrapper fusion-flex-column-wrapper-legacy\" style=\"background-position:left top;background-repeat:no-repeat;-webkit-background-size:cover;-moz-background-size:cover;-o-background-size:cover;background-size:cover;padding: 0px 0px 0px 0px;\"><div class=\"fusion-sep-clear\"><\/div><div class=\"fusion-separator fusion-full-width-sep\" style=\"margin-left: auto;margin-right: auto;margin-top:30px;width:100%;\"><\/div><div class=\"fusion-sep-clear\"><\/div><div class=\"fusion-text fusion-text-9\"><h3 style=\"text-align: center\">Veja a galeria para conhecer melhor o laborat\u00f3rio<\/h3>\n<\/div><div class=\"fusion-sep-clear\"><\/div><div class=\"fusion-separator fusion-full-width-sep\" style=\"margin-left: auto;margin-right: auto;margin-top:10px;margin-bottom:10px;width:100%;\"><\/div><div class=\"fusion-sep-clear\"><\/div><div class=\"fusion-image-carousel fusion-image-carousel-auto fusion-image-carousel-1 lightbox-enabled\"><div class=\"fusion-carousel\" data-autoplay=\"no\" data-columns=\"6\" data-itemmargin=\"20\" data-itemwidth=\"180\" data-touchscroll=\"no\" data-imagesize=\"auto\"><div class=\"fusion-carousel-positioner\"><ul class=\"fusion-carousel-holder\"><li class=\"fusion-carousel-item\"><div class=\"fusion-carousel-item-wrapper\"><div class=\"fusion-image-wrapper hover-type-none\"><a data-rel=\"iLightbox[image_carousel_1]\" data-title=\"alblab_photo1\" aria-label=\"alblab_photo1\" href=\"https:\/\/www.alticelabs.com\/site\/alticelabsua\/wp-content\/uploads\/sites\/12\/2017\/07\/alblab_photo1.jpg\" target=\"_self\"><img width=\"520\" height=\"390\" src=\"https:\/\/www.alticelabs.com\/site\/alticelabsua\/wp-content\/uploads\/sites\/12\/2017\/07\/alblab_photo1.jpg\" class=\"attachment-full size-full\" alt=\"\" \/><\/a><\/div><\/div><\/li><li class=\"fusion-carousel-item\"><div class=\"fusion-carousel-item-wrapper\"><div class=\"fusion-image-wrapper hover-type-none\"><a data-rel=\"iLightbox[image_carousel_1]\" data-title=\"alblab_photo2\" aria-label=\"alblab_photo2\" href=\"https:\/\/www.alticelabs.com\/site\/alticelabsua\/wp-content\/uploads\/sites\/12\/2017\/07\/alblab_photo2.jpg\" target=\"_self\"><img width=\"520\" height=\"390\" src=\"https:\/\/www.alticelabs.com\/site\/alticelabsua\/wp-content\/uploads\/sites\/12\/2017\/07\/alblab_photo2.jpg\" class=\"attachment-full size-full\" alt=\"\" \/><\/a><\/div><\/div><\/li><li class=\"fusion-carousel-item\"><div class=\"fusion-carousel-item-wrapper\"><div class=\"fusion-image-wrapper hover-type-none\"><a data-rel=\"iLightbox[image_carousel_1]\" data-title=\"alblab_photo3\" aria-label=\"alblab_photo3\" href=\"https:\/\/www.alticelabs.com\/site\/alticelabsua\/wp-content\/uploads\/sites\/12\/2017\/07\/alblab_photo3.jpg\" target=\"_self\"><img width=\"520\" height=\"390\" src=\"https:\/\/www.alticelabs.com\/site\/alticelabsua\/wp-content\/uploads\/sites\/12\/2017\/07\/alblab_photo3.jpg\" class=\"attachment-full size-full\" alt=\"\" \/><\/a><\/div><\/div><\/li><li class=\"fusion-carousel-item\"><div class=\"fusion-carousel-item-wrapper\"><div class=\"fusion-image-wrapper hover-type-none\"><a data-rel=\"iLightbox[image_carousel_1]\" data-title=\"alblab_photo4\" aria-label=\"alblab_photo4\" href=\"https:\/\/www.alticelabs.com\/site\/alticelabsua\/wp-content\/uploads\/sites\/12\/2017\/07\/alblab_photo4.jpg\" target=\"_self\"><img width=\"520\" height=\"390\" src=\"https:\/\/www.alticelabs.com\/site\/alticelabsua\/wp-content\/uploads\/sites\/12\/2017\/07\/alblab_photo4.jpg\" class=\"attachment-full size-full\" alt=\"\" \/><\/a><\/div><\/div><\/li><li class=\"fusion-carousel-item\"><div class=\"fusion-carousel-item-wrapper\"><div class=\"fusion-image-wrapper hover-type-none\"><a data-rel=\"iLightbox[image_carousel_1]\" data-title=\"alblab_photo5\" aria-label=\"alblab_photo5\" href=\"https:\/\/www.alticelabs.com\/site\/alticelabsua\/wp-content\/uploads\/sites\/12\/2017\/07\/alblab_photo5.jpg\" target=\"_self\"><img width=\"520\" height=\"390\" src=\"https:\/\/www.alticelabs.com\/site\/alticelabsua\/wp-content\/uploads\/sites\/12\/2017\/07\/alblab_photo5.jpg\" class=\"attachment-full size-full\" alt=\"\" \/><\/a><\/div><\/div><\/li><li class=\"fusion-carousel-item\"><div class=\"fusion-carousel-item-wrapper\"><div class=\"fusion-image-wrapper hover-type-none\"><a data-rel=\"iLightbox[image_carousel_1]\" data-title=\"alblab_photo6\" aria-label=\"alblab_photo6\" href=\"https:\/\/www.alticelabs.com\/site\/alticelabsua\/wp-content\/uploads\/sites\/12\/2017\/07\/alblab_photo6.jpg\" target=\"_self\"><img width=\"520\" height=\"390\" src=\"https:\/\/www.alticelabs.com\/site\/alticelabsua\/wp-content\/uploads\/sites\/12\/2017\/07\/alblab_photo6.jpg\" class=\"attachment-full size-full\" alt=\"\" \/><\/a><\/div><\/div><\/li><li class=\"fusion-carousel-item\"><div class=\"fusion-carousel-item-wrapper\"><div class=\"fusion-image-wrapper hover-type-none\"><a data-rel=\"iLightbox[image_carousel_1]\" data-title=\"alblab_photo7\" aria-label=\"alblab_photo7\" href=\"https:\/\/www.alticelabs.com\/site\/alticelabsua\/wp-content\/uploads\/sites\/12\/2017\/07\/alblab_photo7.jpg\" target=\"_self\"><img width=\"520\" height=\"390\" src=\"https:\/\/www.alticelabs.com\/site\/alticelabsua\/wp-content\/uploads\/sites\/12\/2017\/07\/alblab_photo7.jpg\" class=\"attachment-full size-full\" alt=\"\" \/><\/a><\/div><\/div><\/li><li class=\"fusion-carousel-item\"><div class=\"fusion-carousel-item-wrapper\"><div class=\"fusion-image-wrapper hover-type-none\"><a data-rel=\"iLightbox[image_carousel_1]\" data-title=\"alblab_photo8\" aria-label=\"alblab_photo8\" href=\"https:\/\/www.alticelabs.com\/site\/alticelabsua\/wp-content\/uploads\/sites\/12\/2017\/07\/alblab_photo8.jpg\" target=\"_self\"><img width=\"520\" height=\"390\" src=\"https:\/\/www.alticelabs.com\/site\/alticelabsua\/wp-content\/uploads\/sites\/12\/2017\/07\/alblab_photo8.jpg\" class=\"attachment-full size-full\" alt=\"\" \/><\/a><\/div><\/div><\/li><li class=\"fusion-carousel-item\"><div class=\"fusion-carousel-item-wrapper\"><div class=\"fusion-image-wrapper hover-type-none\"><a data-rel=\"iLightbox[image_carousel_1]\" data-title=\"alblab_photo9\" aria-label=\"alblab_photo9\" href=\"https:\/\/www.alticelabs.com\/site\/alticelabsua\/wp-content\/uploads\/sites\/12\/2017\/07\/alblab_photo9.jpg\" target=\"_self\"><img width=\"520\" height=\"390\" src=\"https:\/\/www.alticelabs.com\/site\/alticelabsua\/wp-content\/uploads\/sites\/12\/2017\/07\/alblab_photo9.jpg\" class=\"attachment-full size-full\" alt=\"\" \/><\/a><\/div><\/div><\/li><li class=\"fusion-carousel-item\"><div class=\"fusion-carousel-item-wrapper\"><div class=\"fusion-image-wrapper hover-type-none\"><a data-rel=\"iLightbox[image_carousel_1]\" data-title=\"alblab_photo10\" aria-label=\"alblab_photo10\" href=\"https:\/\/www.alticelabs.com\/site\/alticelabsua\/wp-content\/uploads\/sites\/12\/2017\/07\/alblab_photo10.jpg\" target=\"_self\"><img width=\"520\" height=\"390\" src=\"https:\/\/www.alticelabs.com\/site\/alticelabsua\/wp-content\/uploads\/sites\/12\/2017\/07\/alblab_photo10.jpg\" class=\"attachment-full size-full\" alt=\"\" \/><\/a><\/div><\/div><\/li><li class=\"fusion-carousel-item\"><div class=\"fusion-carousel-item-wrapper\"><div class=\"fusion-image-wrapper hover-type-none\"><a data-rel=\"iLightbox[image_carousel_1]\" data-title=\"alblab_photo11\" aria-label=\"alblab_photo11\" href=\"https:\/\/www.alticelabs.com\/site\/alticelabsua\/wp-content\/uploads\/sites\/12\/2017\/07\/alblab_photo11.jpg\" target=\"_self\"><img width=\"520\" height=\"390\" src=\"https:\/\/www.alticelabs.com\/site\/alticelabsua\/wp-content\/uploads\/sites\/12\/2017\/07\/alblab_photo11.jpg\" class=\"attachment-full size-full\" alt=\"\" \/><\/a><\/div><\/div><\/li><li class=\"fusion-carousel-item\"><div class=\"fusion-carousel-item-wrapper\"><div class=\"fusion-image-wrapper hover-type-none\"><a data-rel=\"iLightbox[image_carousel_1]\" data-title=\"alblab_photo12\" aria-label=\"alblab_photo12\" href=\"https:\/\/www.alticelabs.com\/site\/alticelabsua\/wp-content\/uploads\/sites\/12\/2017\/07\/alblab_photo12.jpg\" target=\"_self\"><img width=\"520\" height=\"390\" src=\"https:\/\/www.alticelabs.com\/site\/alticelabsua\/wp-content\/uploads\/sites\/12\/2017\/07\/alblab_photo12.jpg\" class=\"attachment-full size-full\" alt=\"\" \/><\/a><\/div><\/div><\/li><\/ul><div class=\"fusion-carousel-nav\"><span class=\"fusion-nav-prev\"><\/span><span class=\"fusion-nav-next\"><\/span><\/div><\/div><\/div><\/div><div class=\"fusion-clearfix\"><\/div><\/div><\/div><\/div><\/div>\n","protected":false},"excerpt":{"rendered":"","protected":false},"author":65,"featured_media":0,"parent":0,"menu_order":0,"comment_status":"closed","ping_status":"closed","template":"100-width.php","meta":[],"_links":{"self":[{"href":"https:\/\/www.alticelabs.com\/site\/alticelabsua\/wp-json\/wp\/v2\/pages\/23"}],"collection":[{"href":"https:\/\/www.alticelabs.com\/site\/alticelabsua\/wp-json\/wp\/v2\/pages"}],"about":[{"href":"https:\/\/www.alticelabs.com\/site\/alticelabsua\/wp-json\/wp\/v2\/types\/page"}],"author":[{"embeddable":true,"href":"https:\/\/www.alticelabs.com\/site\/alticelabsua\/wp-json\/wp\/v2\/users\/65"}],"replies":[{"embeddable":true,"href":"https:\/\/www.alticelabs.com\/site\/alticelabsua\/wp-json\/wp\/v2\/comments?post=23"}],"version-history":[{"count":68,"href":"https:\/\/www.alticelabs.com\/site\/alticelabsua\/wp-json\/wp\/v2\/pages\/23\/revisions"}],"predecessor-version":[{"id":971,"href":"https:\/\/www.alticelabs.com\/site\/alticelabsua\/wp-json\/wp\/v2\/pages\/23\/revisions\/971"}],"wp:attachment":[{"href":"https:\/\/www.alticelabs.com\/site\/alticelabsua\/wp-json\/wp\/v2\/media?parent=23"}],"curies":[{"name":"wp","href":"https:\/\/api.w.org\/{rel}","templated":true}]}}